{"id":3306,"date":"2023-08-02T07:25:52","date_gmt":"2023-08-02T05:25:52","guid":{"rendered":"https:\/\/fuelfusion.pl\/?page_id=3306"},"modified":"2023-08-07T12:15:14","modified_gmt":"2023-08-07T10:15:14","slug":"politica-de-privacidad","status":"publish","type":"page","link":"https:\/\/fuelfusion.pl\/es\/politica-de-privacidad\/","title":{"rendered":"Pol\u00edtica de privacidad"},"content":{"rendered":"<div class=\"fusion-fullwidth fullwidth-box fusion-builder-row-1 fusion-flex-container has-pattern-background has-mask-background nonhundred-percent-fullwidth non-hundred-percent-height-scrolling\" style=\"--awb-border-radius-top-left:0px;--awb-border-radius-top-right:0px;--awb-border-radius-bottom-right:0px;--awb-border-radius-bottom-left:0px;--awb-flex-wrap:wrap;\" ><div class=\"fusion-builder-row fusion-row fusion-flex-align-items-flex-start fusion-flex-content-wrap\" style=\"max-width:1248px;margin-left: calc(-4% \/ 2 );margin-right: calc(-4% \/ 2 );\"><div class=\"fusion-layout-column fusion_builder_column fusion-builder-column-0 fusion_builder_column_1_1 1_1 fusion-flex-column\" style=\"--awb-bg-size:cover;--awb-width-large:100%;--awb-margin-top-large:0px;--awb-spacing-right-large:1.92%;--awb-margin-bottom-large:20px;--awb-spacing-left-large:1.92%;--awb-width-medium:100%;--awb-order-medium:0;--awb-spacing-right-medium:1.92%;--awb-spacing-left-medium:1.92%;--awb-width-small:100%;--awb-order-small:0;--awb-spacing-right-small:1.92%;--awb-spacing-left-small:1.92%;\"><div class=\"fusion-column-wrapper fusion-column-has-shadow fusion-flex-justify-content-flex-start fusion-content-layout-column\"><nav class=\"fusion-breadcrumbs awb-yoast-breadcrumbs fusion-breadcrumbs-1\" style=\"--awb-breadcrumb-sep:&#039;\/&#039;;\" aria-label=\"Breadcrumb\"><span><span><a href=\"https:\/\/fuelfusion.pl\/es\/\">Strona g\u0142\u00f3wna<\/a><\/span><\/span><\/nav><div class=\"fusion-text fusion-text-1\"><p>POL\u00cdTICA DE PRIVACIDAD<\/p>\n<p>1. \u00bfQui\u00e9n es el Administrador de Datos Personales?<\/p>\n<p>El administrador de sus datos personales es DUAL FUEL SYSTEMS Sp. zoo. con domicilio social en Pozna\u0144, operando en la siguiente direcci\u00f3n: ul. Bytomska 8, 61-403 Pozna\u0144, con el n\u00famero de identificaci\u00f3n fiscal (NIP) asignado: 7822565080, con el n\u00famero KRS asignado: 0000481551<\/p>\n<p>2. \u00bfD\u00f3nde obtenemos informaci\u00f3n sobre usted?<\/p>\n<p>La mayor\u00eda de los datos sobre usted son informaci\u00f3n que nos proporciona usted mismo a trav\u00e9s del Formulario de contacto; en \u00e9l, nos proporciona la siguiente informaci\u00f3n:<\/p>\n<p>a. Nombre y apellido<\/p>\n<p>B. N\u00famero de tel\u00e9fono<\/p>\n<p>C. Direcci\u00f3n de correo electr\u00f3nico<\/p>\n<p>Parte de los datos (sin datos identificativos) pueden almacenarse en cookies (m\u00e1s en Pol\u00edtica de cookies).<\/p>\n<p>3. \u00bfCon qu\u00e9 finalidad recabamos sus datos personales?<\/p>\n<p>a. Para contactarlo y responder al formulario de contacto que envi\u00f3<\/p>\n<p>b) Velar por el inter\u00e9s leg\u00edtimo del Administrador<\/p>\n<p>c. No utilizamos sus datos personales para la elaboraci\u00f3n de perfiles<\/p>\n<p>4. \u00bfEs obligatorio facilitar los datos personales?<\/p>\n<p>Proporcionarnos sus datos personales es voluntario, sin embargo, algunos de ellos son necesarios, ya que sin proporcionar un n\u00famero de tel\u00e9fono o una direcci\u00f3n de correo electr\u00f3nico, no podremos responder a su solicitud que nos env\u00ede a trav\u00e9s del Formulario de contacto.<\/p>\n<p>5. \u00bfDurante cu\u00e1nto tiempo se procesar\u00e1n sus datos personales?<\/p>\n<p>Sus datos personales ser\u00e1n tratados durante el plazo de:<\/p>\n<p>a. Necesario para responder al Formulario de contacto enviado o para resolver asuntos en relaci\u00f3n con los cuales se lleva a cabo la correspondencia o la conversaci\u00f3n<\/p>\n<p>b. Hasta que retire su consentimiento (incluido el retiro del consentimiento para el uso de categor\u00edas especiales de datos)<\/p>\n<p>La retirada del consentimiento no afecta a la licitud del uso de los datos durante el per\u00edodo de vigencia del consentimiento.<\/p>\n<p>6. \u00bfQu\u00e9 derechos tienes?<\/p>\n<p>En relaci\u00f3n con el procesamiento de sus datos personales, usted tiene derecho a:<\/p>\n<p>a) Acceso a sus datos personales (informaci\u00f3n sobre el procesamiento de datos personales o una copia de los datos)<\/p>\n<p>b. Corregir (corregir) sus datos personales cuando sean incorrectos<\/p>\n<p>c. Eliminaci\u00f3n de datos personales<\/p>\n<p>D. Restricciones al tratamiento de datos personales<\/p>\n<p>e.Oponerse al tratamiento de datos personales<\/p>\n<p>f. Transferencia de datos personales a otro administrador<\/p>\n<p>g. Retirada del consentimiento para el tratamiento de datos personales, si ha dado dicho consentimiento antes<\/p>\n<p>Tiene derecho a retirar su consentimiento para el procesamiento de datos personales u otras actividades mencionadas anteriormente poni\u00e9ndose en contacto con nosotros en info@dualfuel.eu o enviando una carta a DUAL FUEL SYSTEMS Sp. zoo. calle. Bytomska 8, 61-403 Poznan.<\/p>\n<p>Tambi\u00e9n tiene derecho a presentar una queja ante el \u00f3rgano de control (Presidente de la Oficina de Protecci\u00f3n de Datos Personales) si cree que el procesamiento de datos personales no se ajusta a la normativa.<\/p>\n<p>7. \u00bfPuede cambiar la Pol\u00edtica de Privacidad?<\/p>\n<p>S\u00ed, podemos cambiar las disposiciones de la Pol\u00edtica de privacidad, en particular debido a cambios en la ley, desarrollo de tecnolog\u00eda y ro<\/p>\n<\/div><\/div><\/div><\/div><\/div>\n","protected":false},"excerpt":{"rendered":"","protected":false},"author":2,"featured_media":0,"parent":0,"menu_order":0,"comment_status":"closed","ping_status":"closed","template":"100-width.php","meta":{"footnotes":""},"class_list":["post-3306","page","type-page","status-publish","hentry"],"yoast_head":"<!-- This site is optimized with the Yoast SEO plugin v27.4 - https:\/\/yoast.com\/product\/yoast-seo-wordpress\/ -->\n<title>Pol\u00edtica de privacidad - Fuel Fusion<\/title>\n<meta name=\"description\" content=\"Lea nuestra pol\u00edtica de privacidad. Dual Fuel Systems protege sus datos y garantiza la confidencialidad. Lea c\u00f3mo nos preocupamos por su seguridad.\" \/>\n<meta name=\"robots\" content=\"index, follow, max-snippet:-1, max-image-preview:large, max-video-preview:-1\" \/>\n<link rel=\"canonical\" href=\"https:\/\/fuelfusion.pl\/es\/politica-de-privacidad\/\" \/>\n<meta property=\"og:locale\" content=\"es_ES\" \/>\n<meta property=\"og:type\" content=\"article\" \/>\n<meta property=\"og:title\" content=\"Pol\u00edtica de privacidad - Fuel Fusion\" \/>\n<meta property=\"og:description\" content=\"Lea nuestra pol\u00edtica de privacidad. Dual Fuel Systems protege sus datos y garantiza la confidencialidad. Lea c\u00f3mo nos preocupamos por su seguridad.\" \/>\n<meta property=\"og:url\" content=\"https:\/\/fuelfusion.pl\/es\/politica-de-privacidad\/\" \/>\n<meta property=\"og:site_name\" content=\"Fuel Fusion\" \/>\n<meta property=\"article:publisher\" content=\"https:\/\/www.facebook.com\/DualFuelSystems\" \/>\n<meta property=\"article:modified_time\" content=\"2023-08-07T10:15:14+00:00\" \/>\n<meta name=\"twitter:card\" content=\"summary_large_image\" \/>\n<meta name=\"twitter:site\" content=\"@fuel_fusion\" \/>\n<meta name=\"twitter:label1\" content=\"Tiempo de lectura\" \/>\n\t<meta name=\"twitter:data1\" content=\"6 minutos\" \/>\n<script type=\"application\/ld+json\" class=\"yoast-schema-graph\">{\"@context\":\"https:\\\/\\\/schema.org\",\"@graph\":[{\"@type\":\"WebPage\",\"@id\":\"https:\\\/\\\/fuelfusion.pl\\\/es\\\/politica-de-privacidad\\\/\",\"url\":\"https:\\\/\\\/fuelfusion.pl\\\/es\\\/politica-de-privacidad\\\/\",\"name\":\"Pol\u00edtica de privacidad - Fuel Fusion\",\"isPartOf\":{\"@id\":\"https:\\\/\\\/fuelfusion.pl\\\/#website\"},\"datePublished\":\"2023-08-02T05:25:52+00:00\",\"dateModified\":\"2023-08-07T10:15:14+00:00\",\"description\":\"Lea nuestra pol\u00edtica de privacidad. Dual Fuel Systems protege sus datos y garantiza la confidencialidad. Lea c\u00f3mo nos preocupamos por su seguridad.\",\"breadcrumb\":{\"@id\":\"https:\\\/\\\/fuelfusion.pl\\\/es\\\/politica-de-privacidad\\\/#breadcrumb\"},\"inLanguage\":\"es\",\"potentialAction\":[{\"@type\":\"ReadAction\",\"target\":[\"https:\\\/\\\/fuelfusion.pl\\\/es\\\/politica-de-privacidad\\\/\"]}]},{\"@type\":\"BreadcrumbList\",\"@id\":\"https:\\\/\\\/fuelfusion.pl\\\/es\\\/politica-de-privacidad\\\/#breadcrumb\",\"itemListElement\":[{\"@type\":\"ListItem\",\"position\":1,\"name\":\"Strona g\u0142\u00f3wna\",\"item\":\"https:\\\/\\\/fuelfusion.pl\\\/es\\\/\"},{\"@type\":\"ListItem\",\"position\":2,\"name\":\"Pol\u00edtica de privacidad\"}]},{\"@type\":\"WebSite\",\"@id\":\"https:\\\/\\\/fuelfusion.pl\\\/#website\",\"url\":\"https:\\\/\\\/fuelfusion.pl\\\/\",\"name\":\"Fuel Fusion\",\"description\":\"Producent zaawansowanych system&oacute;w gazowych LPG CNG do silnik&oacute;w diesel (diesel na LPG, gaz do diesla, TIR na gaz, TIR na LPG)\",\"publisher\":{\"@id\":\"https:\\\/\\\/fuelfusion.pl\\\/#organization\"},\"potentialAction\":[{\"@type\":\"SearchAction\",\"target\":{\"@type\":\"EntryPoint\",\"urlTemplate\":\"https:\\\/\\\/fuelfusion.pl\\\/?s={search_term_string}\"},\"query-input\":{\"@type\":\"PropertyValueSpecification\",\"valueRequired\":true,\"valueName\":\"search_term_string\"}}],\"inLanguage\":\"es\"},{\"@type\":\"Organization\",\"@id\":\"https:\\\/\\\/fuelfusion.pl\\\/#organization\",\"name\":\"Dual Fuel Systems\",\"url\":\"https:\\\/\\\/fuelfusion.pl\\\/\",\"logo\":{\"@type\":\"ImageObject\",\"inLanguage\":\"es\",\"@id\":\"https:\\\/\\\/fuelfusion.pl\\\/#\\\/schema\\\/logo\\\/image\\\/\",\"url\":\"https:\\\/\\\/fuelfusion.pl\\\/wp-content\\\/uploads\\\/2023\\\/06\\\/LOGO-DFS-FB.webp\",\"contentUrl\":\"https:\\\/\\\/fuelfusion.pl\\\/wp-content\\\/uploads\\\/2023\\\/06\\\/LOGO-DFS-FB.webp\",\"width\":1267,\"height\":436,\"caption\":\"Dual Fuel Systems\"},\"image\":{\"@id\":\"https:\\\/\\\/fuelfusion.pl\\\/#\\\/schema\\\/logo\\\/image\\\/\"},\"sameAs\":[\"https:\\\/\\\/www.facebook.com\\\/DualFuelSystems\",\"https:\\\/\\\/x.com\\\/fuel_fusion\",\"https:\\\/\\\/www.linkedin.com\\\/company\\\/dual-fuel-systems-sp-z-o-o\\\/\"]}]}<\/script>\n<!-- \/ Yoast SEO plugin. -->","yoast_head_json":{"title":"Pol\u00edtica de privacidad - Fuel Fusion","description":"Lea nuestra pol\u00edtica de privacidad. Dual Fuel Systems protege sus datos y garantiza la confidencialidad. Lea c\u00f3mo nos preocupamos por su seguridad.","robots":{"index":"index","follow":"follow","max-snippet":"max-snippet:-1","max-image-preview":"max-image-preview:large","max-video-preview":"max-video-preview:-1"},"canonical":"https:\/\/fuelfusion.pl\/es\/politica-de-privacidad\/","og_locale":"es_ES","og_type":"article","og_title":"Pol\u00edtica de privacidad - Fuel Fusion","og_description":"Lea nuestra pol\u00edtica de privacidad. Dual Fuel Systems protege sus datos y garantiza la confidencialidad. Lea c\u00f3mo nos preocupamos por su seguridad.","og_url":"https:\/\/fuelfusion.pl\/es\/politica-de-privacidad\/","og_site_name":"Fuel Fusion","article_publisher":"https:\/\/www.facebook.com\/DualFuelSystems","article_modified_time":"2023-08-07T10:15:14+00:00","twitter_card":"summary_large_image","twitter_site":"@fuel_fusion","twitter_misc":{"Tiempo de lectura":"6 minutos"},"schema":{"@context":"https:\/\/schema.org","@graph":[{"@type":"WebPage","@id":"https:\/\/fuelfusion.pl\/es\/politica-de-privacidad\/","url":"https:\/\/fuelfusion.pl\/es\/politica-de-privacidad\/","name":"Pol\u00edtica de privacidad - Fuel Fusion","isPartOf":{"@id":"https:\/\/fuelfusion.pl\/#website"},"datePublished":"2023-08-02T05:25:52+00:00","dateModified":"2023-08-07T10:15:14+00:00","description":"Lea nuestra pol\u00edtica de privacidad. Dual Fuel Systems protege sus datos y garantiza la confidencialidad. Lea c\u00f3mo nos preocupamos por su seguridad.","breadcrumb":{"@id":"https:\/\/fuelfusion.pl\/es\/politica-de-privacidad\/#breadcrumb"},"inLanguage":"es","potentialAction":[{"@type":"ReadAction","target":["https:\/\/fuelfusion.pl\/es\/politica-de-privacidad\/"]}]},{"@type":"BreadcrumbList","@id":"https:\/\/fuelfusion.pl\/es\/politica-de-privacidad\/#breadcrumb","itemListElement":[{"@type":"ListItem","position":1,"name":"Strona g\u0142\u00f3wna","item":"https:\/\/fuelfusion.pl\/es\/"},{"@type":"ListItem","position":2,"name":"Pol\u00edtica de privacidad"}]},{"@type":"WebSite","@id":"https:\/\/fuelfusion.pl\/#website","url":"https:\/\/fuelfusion.pl\/","name":"Fuel Fusion","description":"Producent zaawansowanych system&oacute;w gazowych LPG CNG do silnik&oacute;w diesel (diesel na LPG, gaz do diesla, TIR na gaz, TIR na LPG)","publisher":{"@id":"https:\/\/fuelfusion.pl\/#organization"},"potentialAction":[{"@type":"SearchAction","target":{"@type":"EntryPoint","urlTemplate":"https:\/\/fuelfusion.pl\/?s={search_term_string}"},"query-input":{"@type":"PropertyValueSpecification","valueRequired":true,"valueName":"search_term_string"}}],"inLanguage":"es"},{"@type":"Organization","@id":"https:\/\/fuelfusion.pl\/#organization","name":"Dual Fuel Systems","url":"https:\/\/fuelfusion.pl\/","logo":{"@type":"ImageObject","inLanguage":"es","@id":"https:\/\/fuelfusion.pl\/#\/schema\/logo\/image\/","url":"https:\/\/fuelfusion.pl\/wp-content\/uploads\/2023\/06\/LOGO-DFS-FB.webp","contentUrl":"https:\/\/fuelfusion.pl\/wp-content\/uploads\/2023\/06\/LOGO-DFS-FB.webp","width":1267,"height":436,"caption":"Dual Fuel Systems"},"image":{"@id":"https:\/\/fuelfusion.pl\/#\/schema\/logo\/image\/"},"sameAs":["https:\/\/www.facebook.com\/DualFuelSystems","https:\/\/x.com\/fuel_fusion","https:\/\/www.linkedin.com\/company\/dual-fuel-systems-sp-z-o-o\/"]}]}},"_links":{"self":[{"href":"https:\/\/fuelfusion.pl\/es\/wp-json\/wp\/v2\/pages\/3306","targetHints":{"allow":["GET"]}}],"collection":[{"href":"https:\/\/fuelfusion.pl\/es\/wp-json\/wp\/v2\/pages"}],"about":[{"href":"https:\/\/fuelfusion.pl\/es\/wp-json\/wp\/v2\/types\/page"}],"author":[{"embeddable":true,"href":"https:\/\/fuelfusion.pl\/es\/wp-json\/wp\/v2\/users\/2"}],"replies":[{"embeddable":true,"href":"https:\/\/fuelfusion.pl\/es\/wp-json\/wp\/v2\/comments?post=3306"}],"version-history":[{"count":2,"href":"https:\/\/fuelfusion.pl\/es\/wp-json\/wp\/v2\/pages\/3306\/revisions"}],"predecessor-version":[{"id":3312,"href":"https:\/\/fuelfusion.pl\/es\/wp-json\/wp\/v2\/pages\/3306\/revisions\/3312"}],"wp:attachment":[{"href":"https:\/\/fuelfusion.pl\/es\/wp-json\/wp\/v2\/media?parent=3306"}],"curies":[{"name":"wp","href":"https:\/\/api.w.org\/{rel}","templated":true}]}}