{"id":3303,"date":"2023-08-02T07:25:43","date_gmt":"2023-08-02T05:25:43","guid":{"rendered":"https:\/\/fuelfusion.pl\/?page_id=3303"},"modified":"2023-08-07T12:13:00","modified_gmt":"2023-08-07T10:13:00","slug":"politica-de-cookies","status":"publish","type":"page","link":"https:\/\/fuelfusion.pl\/es\/politica-de-cookies\/","title":{"rendered":"Politica de cookies"},"content":{"rendered":"<div class=\"fusion-fullwidth fullwidth-box fusion-builder-row-1 fusion-flex-container has-pattern-background has-mask-background nonhundred-percent-fullwidth non-hundred-percent-height-scrolling\" style=\"--awb-border-radius-top-left:0px;--awb-border-radius-top-right:0px;--awb-border-radius-bottom-right:0px;--awb-border-radius-bottom-left:0px;--awb-flex-wrap:wrap;\" ><div class=\"fusion-builder-row fusion-row fusion-flex-align-items-flex-start fusion-flex-content-wrap\" style=\"max-width:1248px;margin-left: calc(-4% \/ 2 );margin-right: calc(-4% \/ 2 );\"><div class=\"fusion-layout-column fusion_builder_column fusion-builder-column-0 fusion_builder_column_1_1 1_1 fusion-flex-column\" style=\"--awb-bg-size:cover;--awb-width-large:100%;--awb-margin-top-large:0px;--awb-spacing-right-large:1.92%;--awb-margin-bottom-large:20px;--awb-spacing-left-large:1.92%;--awb-width-medium:100%;--awb-order-medium:0;--awb-spacing-right-medium:1.92%;--awb-spacing-left-medium:1.92%;--awb-width-small:100%;--awb-order-small:0;--awb-spacing-right-small:1.92%;--awb-spacing-left-small:1.92%;\"><div class=\"fusion-column-wrapper fusion-column-has-shadow fusion-flex-justify-content-flex-start fusion-content-layout-column\"><nav class=\"fusion-breadcrumbs awb-yoast-breadcrumbs fusion-breadcrumbs-1\" style=\"--awb-breadcrumb-sep:&#039;\/&#039;;\" aria-label=\"Breadcrumb\"><span><span><a href=\"https:\/\/fuelfusion.pl\/es\/\">Strona g\u0142\u00f3wna<\/a><\/span><\/span><\/nav><div class=\"fusion-text fusion-text-1\"><p>Como parte de nuestros sitios web, utilizamos cookies. Utilizamos cookies para comprender c\u00f3mo los usuarios utilizan el sitio web y adaptarlo para que su uso sea m\u00e1s agradable e interesante para ellos. Usamos cookies tambi\u00e9n para publicidad y estad\u00edsticas. Las cookies tambi\u00e9n pueden ser utilizadas por anunciantes que cooperan con nosotros y por empresas de investigaci\u00f3n. Puede cambiar su configuraci\u00f3n de cookies en cualquier momento. El uso de nuestros sitios web sin cambiar la configuraci\u00f3n de las cookies significa que se colocar\u00e1n en su dispositivo final.<\/p>\n<p>El sitio web fuelfusion.pl no recopila autom\u00e1ticamente ninguna informaci\u00f3n, excepto la informaci\u00f3n contenida en los archivos de cookies.<br \/>\nLos archivos de cookies (las llamadas \u00abcookies\u00bb) son datos inform\u00e1ticos, en particular archivos de texto, que se almacenan en el dispositivo final del usuario del sitio web y est\u00e1n destinados a utilizar los sitios web del sitio web. Las cookies suelen contener el nombre del sitio web del que provienen, su tiempo de almacenamiento en el dispositivo final y un n\u00famero \u00fanico.<br \/>\nLa entidad que coloca cookies en el dispositivo final del usuario del sitio web y accede a ellas es el operador del sitio web DUAL FUEL SYSTEMS sp. zoo. con domicilio social en ul. Bytomska 8, 61-403 Poznan.<br \/>\nLas cookies se utilizan para:<br \/>\nadaptar el contenido de las p\u00e1ginas del Sitio Web a las preferencias del Usuario y optimizar el uso de los sitios web; en particular, estos archivos permiten reconocer el dispositivo del usuario del sitio web y mostrar correctamente el sitio web, adaptado a sus necesidades individuales;<br \/>\ncrear estad\u00edsticas que ayuden a comprender c\u00f3mo los usuarios del sitio web usan los sitios web, lo que permite mejorar su estructura y contenido;<br \/>\nmantener la sesi\u00f3n del Usuario del sitio web (despu\u00e9s de iniciar sesi\u00f3n), gracias a la cual el Usuario no tiene que volver a ingresar el nombre de usuario y la contrase\u00f1a en cada subp\u00e1gina del Sitio web;<br \/>\nEl Sitio Web utiliza dos tipos b\u00e1sicos de cookies: \u00abde sesi\u00f3n\u00bb (cookies de sesi\u00f3n) y \u00abpermanentes\u00bb (cookies persistentes). Las cookies de sesi\u00f3n son archivos temporales que se almacenan en el dispositivo final del Usuario hasta que cierra la sesi\u00f3n, abandona el sitio web o apaga el software (navegador web). Las cookies \u00abpermanentes\u00bb se almacenan en el dispositivo final del Usuario durante el tiempo especificado en los par\u00e1metros del archivo de cookies o hasta que el Usuario las elimine.<br \/>\nEn el Sitio Web se utilizan los siguientes tipos de cookies:<br \/>\ncookies \u00abnecesarias\u00bb, que permiten el uso de servicios disponibles en el sitio web, por ejemplo, cookies de autenticaci\u00f3n utilizadas para servicios que requieren autenticaci\u00f3n en el sitio web;<br \/>\ncookies utilizadas para garantizar la seguridad, por ejemplo, utilizadas para detectar fraudes en el campo de la autenticaci\u00f3n dentro del sitio web;<br \/>\ncookies de \u00abrendimiento\u00bb, que permiten recopilar informaci\u00f3n sobre c\u00f3mo utilizar las p\u00e1ginas del sitio web;<br \/>\ncookies \u00abfuncionales\u00bb, que permiten \u00abrecordar\u00bb la configuraci\u00f3n seleccionada por el Usuario y personalizar la interfaz del Usuario, por ejemplo, en t\u00e9rminos del idioma seleccionado o la regi\u00f3n de donde proviene el Usuario, el tama\u00f1o de fuente, la apariencia del sitio web, etc.;<br \/>\nCookies \u00abpublicitarias\u00bb, que permiten ofrecer a los Usuarios contenidos publicitarios m\u00e1s ajustados a sus intereses.<br \/>\nEn muchos casos, el software utilizado para navegar por los sitios web (navegador web) permite almacenar cookies por defecto en el dispositivo final del Usuario. Los usuarios del sitio web pueden cambiar su configuraci\u00f3n de cookies en cualquier momento. Estas configuraciones se pueden cambiar, en particular, para bloquear el manejo autom\u00e1tico de cookies en la configuraci\u00f3n del navegador web o para informar cada vez que se colocan en el dispositivo del usuario del sitio web. La informaci\u00f3n detallada sobre las posibilidades y formas de manejar las cookies est\u00e1 disponible en la configuraci\u00f3n del software (navegador web).<br \/>\nEl Operador del Sitio web informa que las restricciones en el uso de cookies pueden afectar algunas de las funcionalidades disponibles en los sitios web del Sitio web.<br \/>\nLos archivos de cookies colocados en el dispositivo final del usuario del sitio web tambi\u00e9n pueden ser utilizados por los anunciantes y socios que cooperan con el operador del sitio web.<br \/>\nM\u00e1s informaci\u00f3n sobre los archivos de cookies est\u00e1 disponible en la direcci\u00f3n wszyciasteczkach.pl o en la secci\u00f3n \u00abAyuda\u00bb en el men\u00fa del navegador web.<\/p>\n<\/div><\/div><\/div><\/div><\/div>\n","protected":false},"excerpt":{"rendered":"","protected":false},"author":2,"featured_media":0,"parent":0,"menu_order":0,"comment_status":"closed","ping_status":"closed","template":"100-width.php","meta":{"footnotes":""},"class_list":["post-3303","page","type-page","status-publish","hentry"],"yoast_head":"<!-- This site is optimized with the Yoast SEO plugin v27.4 - https:\/\/yoast.com\/product\/yoast-seo-wordpress\/ -->\n<title>Politica de cookies - Fuel Fusion<\/title>\n<meta name=\"description\" content=\"Obtenga m\u00e1s informaci\u00f3n sobre la pol\u00edtica de cookies de Dual Fuel Systems. Nuestra empresa utiliza cookies para mejorar la calidad del servicio. Consulta los detalles.\" \/>\n<meta name=\"robots\" content=\"index, follow, max-snippet:-1, max-image-preview:large, max-video-preview:-1\" \/>\n<link rel=\"canonical\" href=\"https:\/\/fuelfusion.pl\/es\/politica-de-cookies\/\" \/>\n<meta property=\"og:locale\" content=\"es_ES\" \/>\n<meta property=\"og:type\" content=\"article\" \/>\n<meta property=\"og:title\" content=\"Politica de cookies - Fuel Fusion\" \/>\n<meta property=\"og:description\" content=\"Obtenga m\u00e1s informaci\u00f3n sobre la pol\u00edtica de cookies de Dual Fuel Systems. Nuestra empresa utiliza cookies para mejorar la calidad del servicio. Consulta los detalles.\" \/>\n<meta property=\"og:url\" content=\"https:\/\/fuelfusion.pl\/es\/politica-de-cookies\/\" \/>\n<meta property=\"og:site_name\" content=\"Fuel Fusion\" \/>\n<meta property=\"article:publisher\" content=\"https:\/\/www.facebook.com\/DualFuelSystems\" \/>\n<meta property=\"article:modified_time\" content=\"2023-08-07T10:13:00+00:00\" \/>\n<meta name=\"twitter:card\" content=\"summary_large_image\" \/>\n<meta name=\"twitter:site\" content=\"@fuel_fusion\" \/>\n<meta name=\"twitter:label1\" content=\"Tiempo de lectura\" \/>\n\t<meta name=\"twitter:data1\" content=\"7 minutos\" \/>\n<script type=\"application\/ld+json\" class=\"yoast-schema-graph\">{\"@context\":\"https:\\\/\\\/schema.org\",\"@graph\":[{\"@type\":\"WebPage\",\"@id\":\"https:\\\/\\\/fuelfusion.pl\\\/es\\\/politica-de-cookies\\\/\",\"url\":\"https:\\\/\\\/fuelfusion.pl\\\/es\\\/politica-de-cookies\\\/\",\"name\":\"Politica de cookies - Fuel Fusion\",\"isPartOf\":{\"@id\":\"https:\\\/\\\/fuelfusion.pl\\\/#website\"},\"datePublished\":\"2023-08-02T05:25:43+00:00\",\"dateModified\":\"2023-08-07T10:13:00+00:00\",\"description\":\"Obtenga m\u00e1s informaci\u00f3n sobre la pol\u00edtica de cookies de Dual Fuel Systems. Nuestra empresa utiliza cookies para mejorar la calidad del servicio. Consulta los detalles.\",\"breadcrumb\":{\"@id\":\"https:\\\/\\\/fuelfusion.pl\\\/es\\\/politica-de-cookies\\\/#breadcrumb\"},\"inLanguage\":\"es\",\"potentialAction\":[{\"@type\":\"ReadAction\",\"target\":[\"https:\\\/\\\/fuelfusion.pl\\\/es\\\/politica-de-cookies\\\/\"]}]},{\"@type\":\"BreadcrumbList\",\"@id\":\"https:\\\/\\\/fuelfusion.pl\\\/es\\\/politica-de-cookies\\\/#breadcrumb\",\"itemListElement\":[{\"@type\":\"ListItem\",\"position\":1,\"name\":\"Strona g\u0142\u00f3wna\",\"item\":\"https:\\\/\\\/fuelfusion.pl\\\/es\\\/\"},{\"@type\":\"ListItem\",\"position\":2,\"name\":\"Politica de cookies\"}]},{\"@type\":\"WebSite\",\"@id\":\"https:\\\/\\\/fuelfusion.pl\\\/#website\",\"url\":\"https:\\\/\\\/fuelfusion.pl\\\/\",\"name\":\"Fuel Fusion\",\"description\":\"Producent zaawansowanych system&oacute;w gazowych LPG CNG do silnik&oacute;w diesel (diesel na LPG, gaz do diesla, TIR na gaz, TIR na LPG)\",\"publisher\":{\"@id\":\"https:\\\/\\\/fuelfusion.pl\\\/#organization\"},\"potentialAction\":[{\"@type\":\"SearchAction\",\"target\":{\"@type\":\"EntryPoint\",\"urlTemplate\":\"https:\\\/\\\/fuelfusion.pl\\\/?s={search_term_string}\"},\"query-input\":{\"@type\":\"PropertyValueSpecification\",\"valueRequired\":true,\"valueName\":\"search_term_string\"}}],\"inLanguage\":\"es\"},{\"@type\":\"Organization\",\"@id\":\"https:\\\/\\\/fuelfusion.pl\\\/#organization\",\"name\":\"Dual Fuel Systems\",\"url\":\"https:\\\/\\\/fuelfusion.pl\\\/\",\"logo\":{\"@type\":\"ImageObject\",\"inLanguage\":\"es\",\"@id\":\"https:\\\/\\\/fuelfusion.pl\\\/#\\\/schema\\\/logo\\\/image\\\/\",\"url\":\"https:\\\/\\\/fuelfusion.pl\\\/wp-content\\\/uploads\\\/2023\\\/06\\\/LOGO-DFS-FB.webp\",\"contentUrl\":\"https:\\\/\\\/fuelfusion.pl\\\/wp-content\\\/uploads\\\/2023\\\/06\\\/LOGO-DFS-FB.webp\",\"width\":1267,\"height\":436,\"caption\":\"Dual Fuel Systems\"},\"image\":{\"@id\":\"https:\\\/\\\/fuelfusion.pl\\\/#\\\/schema\\\/logo\\\/image\\\/\"},\"sameAs\":[\"https:\\\/\\\/www.facebook.com\\\/DualFuelSystems\",\"https:\\\/\\\/x.com\\\/fuel_fusion\",\"https:\\\/\\\/www.linkedin.com\\\/company\\\/dual-fuel-systems-sp-z-o-o\\\/\"]}]}<\/script>\n<!-- \/ Yoast SEO plugin. -->","yoast_head_json":{"title":"Politica de cookies - Fuel Fusion","description":"Obtenga m\u00e1s informaci\u00f3n sobre la pol\u00edtica de cookies de Dual Fuel Systems. Nuestra empresa utiliza cookies para mejorar la calidad del servicio. Consulta los detalles.","robots":{"index":"index","follow":"follow","max-snippet":"max-snippet:-1","max-image-preview":"max-image-preview:large","max-video-preview":"max-video-preview:-1"},"canonical":"https:\/\/fuelfusion.pl\/es\/politica-de-cookies\/","og_locale":"es_ES","og_type":"article","og_title":"Politica de cookies - Fuel Fusion","og_description":"Obtenga m\u00e1s informaci\u00f3n sobre la pol\u00edtica de cookies de Dual Fuel Systems. Nuestra empresa utiliza cookies para mejorar la calidad del servicio. Consulta los detalles.","og_url":"https:\/\/fuelfusion.pl\/es\/politica-de-cookies\/","og_site_name":"Fuel Fusion","article_publisher":"https:\/\/www.facebook.com\/DualFuelSystems","article_modified_time":"2023-08-07T10:13:00+00:00","twitter_card":"summary_large_image","twitter_site":"@fuel_fusion","twitter_misc":{"Tiempo de lectura":"7 minutos"},"schema":{"@context":"https:\/\/schema.org","@graph":[{"@type":"WebPage","@id":"https:\/\/fuelfusion.pl\/es\/politica-de-cookies\/","url":"https:\/\/fuelfusion.pl\/es\/politica-de-cookies\/","name":"Politica de cookies - Fuel Fusion","isPartOf":{"@id":"https:\/\/fuelfusion.pl\/#website"},"datePublished":"2023-08-02T05:25:43+00:00","dateModified":"2023-08-07T10:13:00+00:00","description":"Obtenga m\u00e1s informaci\u00f3n sobre la pol\u00edtica de cookies de Dual Fuel Systems. Nuestra empresa utiliza cookies para mejorar la calidad del servicio. Consulta los detalles.","breadcrumb":{"@id":"https:\/\/fuelfusion.pl\/es\/politica-de-cookies\/#breadcrumb"},"inLanguage":"es","potentialAction":[{"@type":"ReadAction","target":["https:\/\/fuelfusion.pl\/es\/politica-de-cookies\/"]}]},{"@type":"BreadcrumbList","@id":"https:\/\/fuelfusion.pl\/es\/politica-de-cookies\/#breadcrumb","itemListElement":[{"@type":"ListItem","position":1,"name":"Strona g\u0142\u00f3wna","item":"https:\/\/fuelfusion.pl\/es\/"},{"@type":"ListItem","position":2,"name":"Politica de cookies"}]},{"@type":"WebSite","@id":"https:\/\/fuelfusion.pl\/#website","url":"https:\/\/fuelfusion.pl\/","name":"Fuel Fusion","description":"Producent zaawansowanych system&oacute;w gazowych LPG CNG do silnik&oacute;w diesel (diesel na LPG, gaz do diesla, TIR na gaz, TIR na LPG)","publisher":{"@id":"https:\/\/fuelfusion.pl\/#organization"},"potentialAction":[{"@type":"SearchAction","target":{"@type":"EntryPoint","urlTemplate":"https:\/\/fuelfusion.pl\/?s={search_term_string}"},"query-input":{"@type":"PropertyValueSpecification","valueRequired":true,"valueName":"search_term_string"}}],"inLanguage":"es"},{"@type":"Organization","@id":"https:\/\/fuelfusion.pl\/#organization","name":"Dual Fuel Systems","url":"https:\/\/fuelfusion.pl\/","logo":{"@type":"ImageObject","inLanguage":"es","@id":"https:\/\/fuelfusion.pl\/#\/schema\/logo\/image\/","url":"https:\/\/fuelfusion.pl\/wp-content\/uploads\/2023\/06\/LOGO-DFS-FB.webp","contentUrl":"https:\/\/fuelfusion.pl\/wp-content\/uploads\/2023\/06\/LOGO-DFS-FB.webp","width":1267,"height":436,"caption":"Dual Fuel Systems"},"image":{"@id":"https:\/\/fuelfusion.pl\/#\/schema\/logo\/image\/"},"sameAs":["https:\/\/www.facebook.com\/DualFuelSystems","https:\/\/x.com\/fuel_fusion","https:\/\/www.linkedin.com\/company\/dual-fuel-systems-sp-z-o-o\/"]}]}},"_links":{"self":[{"href":"https:\/\/fuelfusion.pl\/es\/wp-json\/wp\/v2\/pages\/3303","targetHints":{"allow":["GET"]}}],"collection":[{"href":"https:\/\/fuelfusion.pl\/es\/wp-json\/wp\/v2\/pages"}],"about":[{"href":"https:\/\/fuelfusion.pl\/es\/wp-json\/wp\/v2\/types\/page"}],"author":[{"embeddable":true,"href":"https:\/\/fuelfusion.pl\/es\/wp-json\/wp\/v2\/users\/2"}],"replies":[{"embeddable":true,"href":"https:\/\/fuelfusion.pl\/es\/wp-json\/wp\/v2\/comments?post=3303"}],"version-history":[{"count":2,"href":"https:\/\/fuelfusion.pl\/es\/wp-json\/wp\/v2\/pages\/3303\/revisions"}],"predecessor-version":[{"id":3305,"href":"https:\/\/fuelfusion.pl\/es\/wp-json\/wp\/v2\/pages\/3303\/revisions\/3305"}],"wp:attachment":[{"href":"https:\/\/fuelfusion.pl\/es\/wp-json\/wp\/v2\/media?parent=3303"}],"curies":[{"name":"wp","href":"https:\/\/api.w.org\/{rel}","templated":true}]}}