{"id":3284,"date":"2023-06-14T10:59:20","date_gmt":"2023-06-14T08:59:20","guid":{"rendered":"https:\/\/fuelfusion.pl\/?page_id=3284"},"modified":"2025-07-11T13:12:52","modified_gmt":"2025-07-11T11:12:52","slug":"iso-90012015","status":"publish","type":"page","link":"https:\/\/fuelfusion.pl\/es\/empresa\/iso-90012015\/","title":{"rendered":"ISO 9001:2015"},"content":{"rendered":"<p><\/p><div class=\"fusion-fullwidth fullwidth-box fusion-builder-row-1 fusion-flex-container has-pattern-background has-mask-background nonhundred-percent-fullwidth non-hundred-percent-height-scrolling\" style=\"--awb-border-radius-top-left:0px;--awb-border-radius-top-right:0px;--awb-border-radius-bottom-right:0px;--awb-border-radius-bottom-left:0px;--awb-flex-wrap:wrap;\"><div class=\"fusion-builder-row fusion-row fusion-flex-align-items-flex-start fusion-flex-content-wrap\" style=\"max-width:1248px;margin-left: calc(-4% \/ 2 );margin-right: calc(-4% \/ 2 );\"><div class=\"fusion-layout-column fusion_builder_column fusion-builder-column-0 fusion_builder_column_1_1 1_1 fusion-flex-column\" style=\"--awb-bg-size:cover;--awb-width-large:100%;--awb-margin-top-large:0px;--awb-spacing-right-large:1.92%;--awb-margin-bottom-large:20px;--awb-spacing-left-large:1.92%;--awb-width-medium:100%;--awb-order-medium:0;--awb-spacing-right-medium:1.92%;--awb-spacing-left-medium:1.92%;--awb-width-small:100%;--awb-order-small:0;--awb-spacing-right-small:1.92%;--awb-spacing-left-small:1.92%;\"><div class=\"fusion-column-wrapper fusion-column-has-shadow fusion-flex-justify-content-flex-start fusion-content-layout-column\"><nav class=\"fusion-breadcrumbs awb-yoast-breadcrumbs fusion-breadcrumbs-1\" style=\"--awb-breadcrumb-sep:&#039;\/&#039;;\" aria-label=\"Breadcrumb\"><span><span><a href=\"https:\/\/fuelfusion.pl\/es\/\">Strona g\u0142\u00f3wna<\/a><\/span><\/span><\/nav><\/div><\/div><\/div><\/div><div class=\"fusion-fullwidth fullwidth-box fusion-builder-row-2 fusion-flex-container has-pattern-background has-mask-background nonhundred-percent-fullwidth non-hundred-percent-height-scrolling\" style=\"--awb-border-radius-top-left:0px;--awb-border-radius-top-right:0px;--awb-border-radius-bottom-right:0px;--awb-border-radius-bottom-left:0px;--awb-flex-wrap:wrap;\"><div class=\"fusion-builder-row fusion-row fusion-flex-align-items-flex-start fusion-flex-content-wrap\" style=\"max-width:1248px;margin-left: calc(-4% \/ 2 );margin-right: calc(-4% \/ 2 );\"><div class=\"fusion-layout-column fusion_builder_column fusion-builder-column-1 fusion_builder_column_1_1 1_1 fusion-flex-column\" style=\"--awb-bg-size:cover;--awb-width-large:100%;--awb-margin-top-large:0px;--awb-spacing-right-large:1.92%;--awb-margin-bottom-large:20px;--awb-spacing-left-large:1.92%;--awb-width-medium:100%;--awb-order-medium:0;--awb-spacing-right-medium:1.92%;--awb-spacing-left-medium:1.92%;--awb-width-small:100%;--awb-order-small:0;--awb-spacing-right-small:1.92%;--awb-spacing-left-small:1.92%;\"><div class=\"fusion-column-wrapper fusion-column-has-shadow fusion-flex-justify-content-flex-start fusion-content-layout-column\"><div class=\"fusion-text fusion-text-1\"><p>El certificado ISO 9001:2015 es una confirmaci\u00f3n de la implantaci\u00f3n de un Sistema de Gesti\u00f3n de Calidad en la empresa. Se basa en las estrictas normas desarrolladas por la organizaci\u00f3n internacional ISO (Organizaci\u00f3n Internacional de Normalizaci\u00f3n), una instituci\u00f3n independiente de factores externos como gobiernos o corporaciones.<\/p>\n<\/div><div class=\"fusion-title title fusion-title-1 fusion-sep-none fusion-title-text fusion-title-size-one\" style=\"--awb-margin-top-small:10px;--awb-margin-right-small:0px;--awb-margin-bottom-small:10px;--awb-margin-left-small:0px;\"><h1 class=\"fusion-title-heading title-heading-left fusion-responsive-typography-calculated\" style=\"margin:0;--fontSize:20;--minFontSize:20;line-height:var(--awb-typography1-line-height);\"><h2><strong>\u00bfPor qu\u00e9 es mejor elegir una empresa con certificado ISO 9001:2015?<\/strong><\/h2><\/h1><\/div><div class=\"fusion-text fusion-text-2 fusion-text-no-margin\" style=\"--awb-margin-bottom:20px;\"><p>El certificado ISO es una prueba de que una empresa es capaz de alcanzar un determinado nivel de calidad de servicios. No se puede comprar. Antes de obtenerlo, hay que pasar una auditor\u00eda, realizada por una entidad independiente y autorizada. S\u00f3lo una empresa que haya podido cumplir todos los requisitos puede superar una auditor\u00eda con \u00e9xito.<\/p>\n<p>Las normas de los sistemas de gesti\u00f3n de la calidad son de aplicaci\u00f3n a todas las filiales de la empresa. Se aplican a casi todas las \u00e1reas de la vida empresarial. Por ejemplo:<br>\n\u2013 mejora de las actividades operativas,<br>\n\u2013 mejora empresarial basada en el an\u00e1lisis de riesgos y evaluaciones anal\u00edticas de las oportunidades de desarrollo,<br>\n\u2013 reputaci\u00f3n en el entorno empresarial y confianza de los clientes y contratistas.<\/p>\n<\/div><div class=\"fusion-title title fusion-title-2 fusion-sep-none fusion-title-text fusion-title-size-one\" style=\"--awb-margin-top:30px;--awb-margin-bottom:20px;--awb-margin-top-small:10px;--awb-margin-right-small:0px;--awb-margin-bottom-small:10px;--awb-margin-left-small:0px;\"><h1 class=\"fusion-title-heading title-heading-left fusion-responsive-typography-calculated\" style=\"margin:0;--fontSize:20;--minFontSize:20;line-height:var(--awb-typography1-line-height);\"><h3><strong>Sistemas de Combustible Dual con certificado ISO 9001:2015 de Sistemas de Gesti\u00f3n de Calidad<\/strong><\/h3><\/h1><\/div><div class=\"fusion-text fusion-text-3\"><p>La aprobaci\u00f3n de la auditor\u00eda y la obtenci\u00f3n del certificado fue el resultado natural de muchos a\u00f1os de trabajo para mejorar la empresa y su oferta. Desde el principio, en Dual Fuel Systems nos hemos centrado en ofrecer soluciones satisfactorias para nuestros clientes. Ofrecemos instalaciones de GLP, GNC y GNL que proporcionan a los clientes un nivel \u00f3ptimo de sustituci\u00f3n del di\u00e9sel por gas sin poner en riesgo el motor. La memoria del conductor contiene informaci\u00f3n que permite crear informes detallados con datos sobre el uso de ambos combustibles, kil\u00f3metros recorridos con la instalaci\u00f3n encendida y apagada, velocidad del motor y muchas otras estad\u00edsticas \u00fatiles de la instalaci\u00f3n de gas. Gracias a este sistema, la instalaci\u00f3n puede ajustar autom\u00e1ticamente las proporciones de ambos combustibles y los clientes tienen la oportunidad de calcular el ahorro real, respaldado por datos fiables, generado por nuestra instalaci\u00f3n.<\/p>\n<\/div><div class=\"fusion-title title fusion-title-3 fusion-sep-none fusion-title-text fusion-title-size-one\" style=\"--awb-margin-top-small:10px;--awb-margin-right-small:0px;--awb-margin-bottom-small:10px;--awb-margin-left-small:0px;\"><h1 class=\"fusion-title-heading title-heading-left fusion-responsive-typography-calculated\" style=\"margin:0;--fontSize:20;--minFontSize:20;line-height:var(--awb-typography1-line-height);\"><h3><strong>Elija el proveedor adecuado<\/strong><\/h3><\/h1><\/div><div class=\"fusion-text fusion-text-4\"><p>Vivimos en una \u00e9poca en la que el mercado es un aut\u00e9ntico campo de batalla para las empresas que compiten entre s\u00ed. Lamentablemente, no todas ellas intentan ganar con la calidad de sus productos. La elecci\u00f3n acertada del proveedor adecuado es la clave para una relaci\u00f3n satisfactoria. \u00bfQuiere estar satisfecho con una instalaci\u00f3n de GLP, GNC o GNL duradera y de rendimiento \u00f3ptimo para su di\u00e9sel? Elija una empresa acreditada y certificada. \u00a1Elija Dual Fuel Systems!<\/p>\n<\/div><\/div><\/div><div class=\"fusion-layout-column fusion_builder_column fusion-builder-column-2 fusion_builder_column_1_2 1_2 fusion-flex-column\" style=\"--awb-bg-size:cover;--awb-width-large:50%;--awb-margin-top-large:0px;--awb-spacing-right-large:3.84%;--awb-margin-bottom-large:20px;--awb-spacing-left-large:3.84%;--awb-width-medium:50%;--awb-order-medium:0;--awb-spacing-right-medium:3.84%;--awb-spacing-left-medium:3.84%;--awb-width-small:100%;--awb-order-small:0;--awb-spacing-right-small:1.92%;--awb-spacing-left-small:1.92%;\"><div class=\"fusion-column-wrapper fusion-column-has-shadow fusion-flex-justify-content-flex-start fusion-content-layout-column\"><div class=\"fusion-image-element \" style=\"text-align:center;--awb-caption-title-font-family:var(--h2_typography-font-family);--awb-caption-title-font-weight:var(--h2_typography-font-weight);--awb-caption-title-font-style:var(--h2_typography-font-style);--awb-caption-title-size:var(--h2_typography-font-size);--awb-caption-title-transform:var(--h2_typography-text-transform);--awb-caption-title-line-height:var(--h2_typography-line-height);--awb-caption-title-letter-spacing:var(--h2_typography-letter-spacing);\"><span class=\" fusion-imageframe imageframe-none imageframe-1 hover-type-none\"><noscript><img decoding=\"async\" width=\"423\" height=\"199\" title=\"LOGO DLA DUAL FUEL SYSTEMS &#8211; R2024\" src=\"https:\/\/fuelfusion.pl\/wp-content\/uploads\/2025\/07\/LOGO-DLA-DUAL-FUEL-SYSTEMS-R2024.webp\" alt class=\"img-responsive wp-image-6991\" srcset=\"https:\/\/fuelfusion.pl\/wp-content\/uploads\/2025\/07\/LOGO-DLA-DUAL-FUEL-SYSTEMS-R2024-200x94.webp 200w, https:\/\/fuelfusion.pl\/wp-content\/uploads\/2025\/07\/LOGO-DLA-DUAL-FUEL-SYSTEMS-R2024-400x188.webp 400w, https:\/\/fuelfusion.pl\/wp-content\/uploads\/2025\/07\/LOGO-DLA-DUAL-FUEL-SYSTEMS-R2024.webp 423w\" sizes=\"(max-width: 640px) 100vw, 423px\"><\/noscript><img decoding=\"async\" width=\"423\" height=\"199\" title=\"LOGO DLA DUAL FUEL SYSTEMS &#8211; R2024\" src=\"data:image\/svg+xml,%3Csvg%20xmlns%3D%22http%3A%2F%2Fwww.w3.org%2F2000%2Fsvg%22%20viewBox%3D%220%200%20423%20199%22%3E%3C%2Fsvg%3E\" alt class=\"img-responsive wp-image-6991 lazyload\" srcset=\"data:image\/svg+xml,%3Csvg%20xmlns%3D%22http%3A%2F%2Fwww.w3.org%2F2000%2Fsvg%22%20viewBox%3D%220%200%20423%20199%22%3E%3C%2Fsvg%3E 423w\" sizes=\"(max-width: 640px) 100vw, 423px\" data-srcset=\"https:\/\/fuelfusion.pl\/wp-content\/uploads\/2025\/07\/LOGO-DLA-DUAL-FUEL-SYSTEMS-R2024-200x94.webp 200w, https:\/\/fuelfusion.pl\/wp-content\/uploads\/2025\/07\/LOGO-DLA-DUAL-FUEL-SYSTEMS-R2024-400x188.webp 400w, https:\/\/fuelfusion.pl\/wp-content\/uploads\/2025\/07\/LOGO-DLA-DUAL-FUEL-SYSTEMS-R2024.webp 423w\" data-src=\"https:\/\/fuelfusion.pl\/wp-content\/uploads\/2025\/07\/LOGO-DLA-DUAL-FUEL-SYSTEMS-R2024.webp\"><\/span><\/div><\/div><\/div><div class=\"fusion-layout-column fusion_builder_column fusion-builder-column-3 fusion_builder_column_1_2 1_2 fusion-flex-column\" style=\"--awb-bg-size:cover;--awb-width-large:50%;--awb-margin-top-large:0px;--awb-spacing-right-large:3.84%;--awb-margin-bottom-large:20px;--awb-spacing-left-large:3.84%;--awb-width-medium:50%;--awb-order-medium:0;--awb-spacing-right-medium:3.84%;--awb-spacing-left-medium:3.84%;--awb-width-small:100%;--awb-order-small:0;--awb-spacing-right-small:1.92%;--awb-spacing-left-small:1.92%;\"><div class=\"fusion-column-wrapper fusion-column-has-shadow fusion-flex-justify-content-flex-start fusion-content-layout-column\"><div class=\"fusion-image-element \" style=\"--awb-caption-title-font-family:var(--h2_typography-font-family);--awb-caption-title-font-weight:var(--h2_typography-font-weight);--awb-caption-title-font-style:var(--h2_typography-font-style);--awb-caption-title-size:var(--h2_typography-font-size);--awb-caption-title-transform:var(--h2_typography-text-transform);--awb-caption-title-line-height:var(--h2_typography-line-height);--awb-caption-title-letter-spacing:var(--h2_typography-letter-spacing);\"><span class=\" fusion-imageframe imageframe-none imageframe-2 hover-type-none\"><noscript><img decoding=\"async\" width=\"731\" height=\"1024\" title=\"DUAL FUEL SYSTEMS [J2015] &#8211; R2024 (angielska)\" src=\"https:\/\/fuelfusion.pl\/wp-content\/uploads\/2025\/07\/DUAL-FUEL-SYSTEMS-J2015-R2024-angielska-731x1024.webp\" alt class=\"img-responsive wp-image-6983\" srcset=\"https:\/\/fuelfusion.pl\/wp-content\/uploads\/2025\/07\/DUAL-FUEL-SYSTEMS-J2015-R2024-angielska-200x280.webp 200w, https:\/\/fuelfusion.pl\/wp-content\/uploads\/2025\/07\/DUAL-FUEL-SYSTEMS-J2015-R2024-angielska-400x560.webp 400w, https:\/\/fuelfusion.pl\/wp-content\/uploads\/2025\/07\/DUAL-FUEL-SYSTEMS-J2015-R2024-angielska-600x841.webp 600w, https:\/\/fuelfusion.pl\/wp-content\/uploads\/2025\/07\/DUAL-FUEL-SYSTEMS-J2015-R2024-angielska-800x1121.webp 800w, https:\/\/fuelfusion.pl\/wp-content\/uploads\/2025\/07\/DUAL-FUEL-SYSTEMS-J2015-R2024-angielska-1200x1681.webp 1200w, https:\/\/fuelfusion.pl\/wp-content\/uploads\/2025\/07\/DUAL-FUEL-SYSTEMS-J2015-R2024-angielska-scaled.webp 1827w\" sizes=\"(max-width: 640px) 100vw, 600px\"><\/noscript><img decoding=\"async\" width=\"731\" height=\"1024\" title=\"DUAL FUEL SYSTEMS [J2015] &#8211; R2024 (angielska)\" src=\"data:image\/svg+xml,%3Csvg%20xmlns%3D%22http%3A%2F%2Fwww.w3.org%2F2000%2Fsvg%22%20viewBox%3D%220%200%20731%201024%22%3E%3C%2Fsvg%3E\" alt class=\"img-responsive wp-image-6983 lazyload\" srcset=\"data:image\/svg+xml,%3Csvg%20xmlns%3D%22http%3A%2F%2Fwww.w3.org%2F2000%2Fsvg%22%20viewBox%3D%220%200%20731%201024%22%3E%3C%2Fsvg%3E 731w\" sizes=\"(max-width: 640px) 100vw, 600px\" data-srcset=\"https:\/\/fuelfusion.pl\/wp-content\/uploads\/2025\/07\/DUAL-FUEL-SYSTEMS-J2015-R2024-angielska-200x280.webp 200w, https:\/\/fuelfusion.pl\/wp-content\/uploads\/2025\/07\/DUAL-FUEL-SYSTEMS-J2015-R2024-angielska-400x560.webp 400w, https:\/\/fuelfusion.pl\/wp-content\/uploads\/2025\/07\/DUAL-FUEL-SYSTEMS-J2015-R2024-angielska-600x841.webp 600w, https:\/\/fuelfusion.pl\/wp-content\/uploads\/2025\/07\/DUAL-FUEL-SYSTEMS-J2015-R2024-angielska-800x1121.webp 800w, https:\/\/fuelfusion.pl\/wp-content\/uploads\/2025\/07\/DUAL-FUEL-SYSTEMS-J2015-R2024-angielska-1200x1681.webp 1200w, https:\/\/fuelfusion.pl\/wp-content\/uploads\/2025\/07\/DUAL-FUEL-SYSTEMS-J2015-R2024-angielska-scaled.webp 1827w\" data-src=\"https:\/\/fuelfusion.pl\/wp-content\/uploads\/2025\/07\/DUAL-FUEL-SYSTEMS-J2015-R2024-angielska-731x1024.webp\"><\/span><\/div><\/div><\/div><\/div><\/div>\n","protected":false},"excerpt":{"rendered":"","protected":false},"author":2,"featured_media":0,"parent":3148,"menu_order":0,"comment_status":"closed","ping_status":"closed","template":"100-width.php","meta":{"footnotes":""},"class_list":["post-3284","page","type-page","status-publish","hentry"],"yoast_head":"<!-- This site is optimized with the Yoast SEO plugin v27.4 - https:\/\/yoast.com\/product\/yoast-seo-wordpress\/ -->\n<title>ISO 9001:2015 - Fuel Fusion<\/title>\n<meta name=\"description\" content=\"Dual Fuel Systems cumple con est\u00e1ndares rigurosos y cuenta con la certificaci\u00f3n ISO 9001:2015, lo que confirma que brindamos un servicio al m\u00e1s alto nivel.\" \/>\n<meta name=\"robots\" content=\"index, follow, max-snippet:-1, max-image-preview:large, max-video-preview:-1\" \/>\n<link rel=\"canonical\" href=\"https:\/\/fuelfusion.pl\/es\/empresa\/iso-90012015\/\" \/>\n<meta property=\"og:locale\" content=\"es_ES\" \/>\n<meta property=\"og:type\" content=\"article\" \/>\n<meta property=\"og:title\" content=\"ISO 9001:2015 - Fuel Fusion\" \/>\n<meta property=\"og:description\" content=\"Dual Fuel Systems cumple con est\u00e1ndares rigurosos y cuenta con la certificaci\u00f3n ISO 9001:2015, lo que confirma que brindamos un servicio al m\u00e1s alto nivel.\" \/>\n<meta property=\"og:url\" content=\"https:\/\/fuelfusion.pl\/es\/empresa\/iso-90012015\/\" \/>\n<meta property=\"og:site_name\" content=\"Fuel Fusion\" \/>\n<meta property=\"article:publisher\" content=\"https:\/\/www.facebook.com\/DualFuelSystems\" \/>\n<meta property=\"article:modified_time\" content=\"2025-07-11T11:12:52+00:00\" \/>\n<meta name=\"twitter:card\" content=\"summary_large_image\" \/>\n<meta name=\"twitter:site\" content=\"@fuel_fusion\" \/>\n<meta name=\"twitter:label1\" content=\"Tiempo de lectura\" \/>\n\t<meta name=\"twitter:data1\" content=\"4 minutos\" \/>\n<script type=\"application\/ld+json\" class=\"yoast-schema-graph\">{\"@context\":\"https:\\\/\\\/schema.org\",\"@graph\":[{\"@type\":\"WebPage\",\"@id\":\"https:\\\/\\\/fuelfusion.pl\\\/es\\\/empresa\\\/iso-90012015\\\/\",\"url\":\"https:\\\/\\\/fuelfusion.pl\\\/es\\\/empresa\\\/iso-90012015\\\/\",\"name\":\"ISO 9001:2015 - Fuel Fusion\",\"isPartOf\":{\"@id\":\"https:\\\/\\\/fuelfusion.pl\\\/#website\"},\"datePublished\":\"2023-06-14T08:59:20+00:00\",\"dateModified\":\"2025-07-11T11:12:52+00:00\",\"description\":\"Dual Fuel Systems cumple con est\u00e1ndares rigurosos y cuenta con la certificaci\u00f3n ISO 9001:2015, lo que confirma que brindamos un servicio al m\u00e1s alto nivel.\",\"breadcrumb\":{\"@id\":\"https:\\\/\\\/fuelfusion.pl\\\/es\\\/empresa\\\/iso-90012015\\\/#breadcrumb\"},\"inLanguage\":\"es\",\"potentialAction\":[{\"@type\":\"ReadAction\",\"target\":[\"https:\\\/\\\/fuelfusion.pl\\\/es\\\/empresa\\\/iso-90012015\\\/\"]}]},{\"@type\":\"BreadcrumbList\",\"@id\":\"https:\\\/\\\/fuelfusion.pl\\\/es\\\/empresa\\\/iso-90012015\\\/#breadcrumb\",\"itemListElement\":[{\"@type\":\"ListItem\",\"position\":1,\"name\":\"Strona g\u0142\u00f3wna\",\"item\":\"https:\\\/\\\/fuelfusion.pl\\\/es\\\/\"},{\"@type\":\"ListItem\",\"position\":2,\"name\":\"Sobre nosotros\",\"item\":\"https:\\\/\\\/fuelfusion.pl\\\/es\\\/empresa\\\/\"},{\"@type\":\"ListItem\",\"position\":3,\"name\":\"ISO 9001:2015\"}]},{\"@type\":\"WebSite\",\"@id\":\"https:\\\/\\\/fuelfusion.pl\\\/#website\",\"url\":\"https:\\\/\\\/fuelfusion.pl\\\/\",\"name\":\"Fuel Fusion\",\"description\":\"Producent zaawansowanych system&oacute;w gazowych LPG CNG do silnik&oacute;w diesel (diesel na LPG, gaz do diesla, TIR na gaz, TIR na LPG)\",\"publisher\":{\"@id\":\"https:\\\/\\\/fuelfusion.pl\\\/#organization\"},\"potentialAction\":[{\"@type\":\"SearchAction\",\"target\":{\"@type\":\"EntryPoint\",\"urlTemplate\":\"https:\\\/\\\/fuelfusion.pl\\\/?s={search_term_string}\"},\"query-input\":{\"@type\":\"PropertyValueSpecification\",\"valueRequired\":true,\"valueName\":\"search_term_string\"}}],\"inLanguage\":\"es\"},{\"@type\":\"Organization\",\"@id\":\"https:\\\/\\\/fuelfusion.pl\\\/#organization\",\"name\":\"Dual Fuel Systems\",\"url\":\"https:\\\/\\\/fuelfusion.pl\\\/\",\"logo\":{\"@type\":\"ImageObject\",\"inLanguage\":\"es\",\"@id\":\"https:\\\/\\\/fuelfusion.pl\\\/#\\\/schema\\\/logo\\\/image\\\/\",\"url\":\"https:\\\/\\\/fuelfusion.pl\\\/wp-content\\\/uploads\\\/2023\\\/06\\\/LOGO-DFS-FB.webp\",\"contentUrl\":\"https:\\\/\\\/fuelfusion.pl\\\/wp-content\\\/uploads\\\/2023\\\/06\\\/LOGO-DFS-FB.webp\",\"width\":1267,\"height\":436,\"caption\":\"Dual Fuel Systems\"},\"image\":{\"@id\":\"https:\\\/\\\/fuelfusion.pl\\\/#\\\/schema\\\/logo\\\/image\\\/\"},\"sameAs\":[\"https:\\\/\\\/www.facebook.com\\\/DualFuelSystems\",\"https:\\\/\\\/x.com\\\/fuel_fusion\",\"https:\\\/\\\/www.linkedin.com\\\/company\\\/dual-fuel-systems-sp-z-o-o\\\/\"]}]}<\/script>\n<!-- \/ Yoast SEO plugin. -->","yoast_head_json":{"title":"ISO 9001:2015 - Fuel Fusion","description":"Dual Fuel Systems cumple con est\u00e1ndares rigurosos y cuenta con la certificaci\u00f3n ISO 9001:2015, lo que confirma que brindamos un servicio al m\u00e1s alto nivel.","robots":{"index":"index","follow":"follow","max-snippet":"max-snippet:-1","max-image-preview":"max-image-preview:large","max-video-preview":"max-video-preview:-1"},"canonical":"https:\/\/fuelfusion.pl\/es\/empresa\/iso-90012015\/","og_locale":"es_ES","og_type":"article","og_title":"ISO 9001:2015 - Fuel Fusion","og_description":"Dual Fuel Systems cumple con est\u00e1ndares rigurosos y cuenta con la certificaci\u00f3n ISO 9001:2015, lo que confirma que brindamos un servicio al m\u00e1s alto nivel.","og_url":"https:\/\/fuelfusion.pl\/es\/empresa\/iso-90012015\/","og_site_name":"Fuel Fusion","article_publisher":"https:\/\/www.facebook.com\/DualFuelSystems","article_modified_time":"2025-07-11T11:12:52+00:00","twitter_card":"summary_large_image","twitter_site":"@fuel_fusion","twitter_misc":{"Tiempo de lectura":"4 minutos"},"schema":{"@context":"https:\/\/schema.org","@graph":[{"@type":"WebPage","@id":"https:\/\/fuelfusion.pl\/es\/empresa\/iso-90012015\/","url":"https:\/\/fuelfusion.pl\/es\/empresa\/iso-90012015\/","name":"ISO 9001:2015 - Fuel Fusion","isPartOf":{"@id":"https:\/\/fuelfusion.pl\/#website"},"datePublished":"2023-06-14T08:59:20+00:00","dateModified":"2025-07-11T11:12:52+00:00","description":"Dual Fuel Systems cumple con est\u00e1ndares rigurosos y cuenta con la certificaci\u00f3n ISO 9001:2015, lo que confirma que brindamos un servicio al m\u00e1s alto nivel.","breadcrumb":{"@id":"https:\/\/fuelfusion.pl\/es\/empresa\/iso-90012015\/#breadcrumb"},"inLanguage":"es","potentialAction":[{"@type":"ReadAction","target":["https:\/\/fuelfusion.pl\/es\/empresa\/iso-90012015\/"]}]},{"@type":"BreadcrumbList","@id":"https:\/\/fuelfusion.pl\/es\/empresa\/iso-90012015\/#breadcrumb","itemListElement":[{"@type":"ListItem","position":1,"name":"Strona g\u0142\u00f3wna","item":"https:\/\/fuelfusion.pl\/es\/"},{"@type":"ListItem","position":2,"name":"Sobre nosotros","item":"https:\/\/fuelfusion.pl\/es\/empresa\/"},{"@type":"ListItem","position":3,"name":"ISO 9001:2015"}]},{"@type":"WebSite","@id":"https:\/\/fuelfusion.pl\/#website","url":"https:\/\/fuelfusion.pl\/","name":"Fuel Fusion","description":"Producent zaawansowanych system&oacute;w gazowych LPG CNG do silnik&oacute;w diesel (diesel na LPG, gaz do diesla, TIR na gaz, TIR na LPG)","publisher":{"@id":"https:\/\/fuelfusion.pl\/#organization"},"potentialAction":[{"@type":"SearchAction","target":{"@type":"EntryPoint","urlTemplate":"https:\/\/fuelfusion.pl\/?s={search_term_string}"},"query-input":{"@type":"PropertyValueSpecification","valueRequired":true,"valueName":"search_term_string"}}],"inLanguage":"es"},{"@type":"Organization","@id":"https:\/\/fuelfusion.pl\/#organization","name":"Dual Fuel Systems","url":"https:\/\/fuelfusion.pl\/","logo":{"@type":"ImageObject","inLanguage":"es","@id":"https:\/\/fuelfusion.pl\/#\/schema\/logo\/image\/","url":"https:\/\/fuelfusion.pl\/wp-content\/uploads\/2023\/06\/LOGO-DFS-FB.webp","contentUrl":"https:\/\/fuelfusion.pl\/wp-content\/uploads\/2023\/06\/LOGO-DFS-FB.webp","width":1267,"height":436,"caption":"Dual Fuel Systems"},"image":{"@id":"https:\/\/fuelfusion.pl\/#\/schema\/logo\/image\/"},"sameAs":["https:\/\/www.facebook.com\/DualFuelSystems","https:\/\/x.com\/fuel_fusion","https:\/\/www.linkedin.com\/company\/dual-fuel-systems-sp-z-o-o\/"]}]}},"_links":{"self":[{"href":"https:\/\/fuelfusion.pl\/es\/wp-json\/wp\/v2\/pages\/3284","targetHints":{"allow":["GET"]}}],"collection":[{"href":"https:\/\/fuelfusion.pl\/es\/wp-json\/wp\/v2\/pages"}],"about":[{"href":"https:\/\/fuelfusion.pl\/es\/wp-json\/wp\/v2\/types\/page"}],"author":[{"embeddable":true,"href":"https:\/\/fuelfusion.pl\/es\/wp-json\/wp\/v2\/users\/2"}],"replies":[{"embeddable":true,"href":"https:\/\/fuelfusion.pl\/es\/wp-json\/wp\/v2\/comments?post=3284"}],"version-history":[{"count":9,"href":"https:\/\/fuelfusion.pl\/es\/wp-json\/wp\/v2\/pages\/3284\/revisions"}],"predecessor-version":[{"id":6997,"href":"https:\/\/fuelfusion.pl\/es\/wp-json\/wp\/v2\/pages\/3284\/revisions\/6997"}],"up":[{"embeddable":true,"href":"https:\/\/fuelfusion.pl\/es\/wp-json\/wp\/v2\/pages\/3148"}],"wp:attachment":[{"href":"https:\/\/fuelfusion.pl\/es\/wp-json\/wp\/v2\/media?parent=3284"}],"curies":[{"name":"wp","href":"https:\/\/api.w.org\/{rel}","templated":true}]}}