{"id":3245,"date":"2023-06-20T11:18:31","date_gmt":"2023-06-20T09:18:31","guid":{"rendered":"https:\/\/fuelfusion.pl\/?page_id=3245"},"modified":"2023-10-26T11:51:40","modified_gmt":"2023-10-26T09:51:40","slug":"contacto","status":"publish","type":"page","link":"https:\/\/fuelfusion.pl\/es\/strona-glowna\/contacto\/","title":{"rendered":"Contacto"},"content":{"rendered":"<p><\/p><div class=\"fusion-fullwidth fullwidth-box fusion-builder-row-1 fusion-flex-container has-pattern-background has-mask-background nonhundred-percent-fullwidth non-hundred-percent-height-scrolling\" style=\"--awb-border-radius-top-left:0px;--awb-border-radius-top-right:0px;--awb-border-radius-bottom-right:0px;--awb-border-radius-bottom-left:0px;--awb-flex-wrap:wrap;\"><div class=\"fusion-builder-row fusion-row fusion-flex-align-items-flex-start fusion-flex-content-wrap\" style=\"max-width:1248px;margin-left: calc(-4% \/ 2 );margin-right: calc(-4% \/ 2 );\"><div class=\"fusion-layout-column fusion_builder_column fusion-builder-column-0 fusion_builder_column_1_1 1_1 fusion-flex-column\" style=\"--awb-bg-size:cover;--awb-width-large:100%;--awb-margin-top-large:0px;--awb-spacing-right-large:1.92%;--awb-margin-bottom-large:20px;--awb-spacing-left-large:1.92%;--awb-width-medium:100%;--awb-order-medium:0;--awb-spacing-right-medium:1.92%;--awb-spacing-left-medium:1.92%;--awb-width-small:100%;--awb-order-small:0;--awb-spacing-right-small:1.92%;--awb-spacing-left-small:1.92%;\"><div class=\"fusion-column-wrapper fusion-column-has-shadow fusion-flex-justify-content-flex-start fusion-content-layout-column\"><nav class=\"fusion-breadcrumbs awb-yoast-breadcrumbs fusion-breadcrumbs-1\" style=\"--awb-breadcrumb-sep:&#039;\/&#039;;\" aria-label=\"Breadcrumb\"><span><span><a href=\"https:\/\/fuelfusion.pl\/es\/\">Strona g\u0142\u00f3wna<\/a><\/span><\/span><\/nav><\/div><\/div><\/div><\/div><div class=\"fusion-fullwidth fullwidth-box fusion-builder-row-2 fusion-flex-container has-pattern-background has-mask-background nonhundred-percent-fullwidth non-hundred-percent-height-scrolling\" style=\"--awb-border-radius-top-left:0px;--awb-border-radius-top-right:0px;--awb-border-radius-bottom-right:0px;--awb-border-radius-bottom-left:0px;--awb-flex-wrap:wrap;\"><div class=\"fusion-builder-row fusion-row fusion-flex-align-items-flex-start fusion-flex-content-wrap\" style=\"max-width:1248px;margin-left: calc(-4% \/ 2 );margin-right: calc(-4% \/ 2 );\"><div class=\"fusion-layout-column fusion_builder_column fusion-builder-column-1 fusion_builder_column_1_3 1_3 fusion-flex-column fusion-flex-align-self-flex-start\" style=\"--awb-bg-size:cover;--awb-width-large:33.333333333333%;--awb-margin-top-large:0px;--awb-spacing-right-large:5.76%;--awb-margin-bottom-large:20px;--awb-spacing-left-large:5.76%;--awb-width-medium:33.333333333333%;--awb-order-medium:0;--awb-spacing-right-medium:5.76%;--awb-spacing-left-medium:5.76%;--awb-width-small:100%;--awb-order-small:0;--awb-spacing-right-small:1.92%;--awb-spacing-left-small:1.92%;\" data-scroll-devices=\"small-visibility,medium-visibility,large-visibility\"><div class=\"fusion-column-wrapper fusion-column-has-shadow fusion-flex-justify-content-flex-start fusion-content-layout-column\"><div class=\"fusion-image-element \" style=\"text-align:left;--awb-caption-title-font-family:var(--h2_typography-font-family);--awb-caption-title-font-weight:var(--h2_typography-font-weight);--awb-caption-title-font-style:var(--h2_typography-font-style);--awb-caption-title-size:var(--h2_typography-font-size);--awb-caption-title-transform:var(--h2_typography-text-transform);--awb-caption-title-line-height:var(--h2_typography-line-height);--awb-caption-title-letter-spacing:var(--h2_typography-letter-spacing);\"><span class=\" fusion-imageframe imageframe-none imageframe-1 hover-type-none\"><noscript><img decoding=\"async\" width=\"200\" height=\"69\" alt=\"Logo Dual Fuel Systems\" title=\"LOGO DFS FB\" src=\"https:\/\/fuelfusion.pl\/wp-content\/uploads\/2023\/06\/LOGO-DFS-FB-200x69.webp\" class=\"img-responsive wp-image-283\" srcset=\"https:\/\/fuelfusion.pl\/wp-content\/uploads\/2023\/06\/LOGO-DFS-FB-200x69.webp 200w, https:\/\/fuelfusion.pl\/wp-content\/uploads\/2023\/06\/LOGO-DFS-FB-400x138.webp 400w, https:\/\/fuelfusion.pl\/wp-content\/uploads\/2023\/06\/LOGO-DFS-FB-600x206.webp 600w, https:\/\/fuelfusion.pl\/wp-content\/uploads\/2023\/06\/LOGO-DFS-FB-800x275.webp 800w, https:\/\/fuelfusion.pl\/wp-content\/uploads\/2023\/06\/LOGO-DFS-FB-1200x413.webp 1200w, https:\/\/fuelfusion.pl\/wp-content\/uploads\/2023\/06\/LOGO-DFS-FB.webp 1267w\" sizes=\"(max-width: 640px) 100vw, 400px\"><\/noscript><img decoding=\"async\" width=\"200\" height=\"69\" alt=\"Logo Dual Fuel Systems\" title=\"LOGO DFS FB\" src=\"data:image\/svg+xml,%3Csvg%20xmlns%3D%22http%3A%2F%2Fwww.w3.org%2F2000%2Fsvg%22%20viewBox%3D%220%200%20200%2069%22%3E%3C%2Fsvg%3E\" class=\"img-responsive wp-image-283 lazyload\" srcset=\"data:image\/svg+xml,%3Csvg%20xmlns%3D%22http%3A%2F%2Fwww.w3.org%2F2000%2Fsvg%22%20viewBox%3D%220%200%20200%2069%22%3E%3C%2Fsvg%3E 200w\" sizes=\"(max-width: 640px) 100vw, 400px\" data-srcset=\"https:\/\/fuelfusion.pl\/wp-content\/uploads\/2023\/06\/LOGO-DFS-FB-200x69.webp 200w, https:\/\/fuelfusion.pl\/wp-content\/uploads\/2023\/06\/LOGO-DFS-FB-400x138.webp 400w, https:\/\/fuelfusion.pl\/wp-content\/uploads\/2023\/06\/LOGO-DFS-FB-600x206.webp 600w, https:\/\/fuelfusion.pl\/wp-content\/uploads\/2023\/06\/LOGO-DFS-FB-800x275.webp 800w, https:\/\/fuelfusion.pl\/wp-content\/uploads\/2023\/06\/LOGO-DFS-FB-1200x413.webp 1200w, https:\/\/fuelfusion.pl\/wp-content\/uploads\/2023\/06\/LOGO-DFS-FB.webp 1267w\" data-src=\"https:\/\/fuelfusion.pl\/wp-content\/uploads\/2023\/06\/LOGO-DFS-FB-200x69.webp\"><\/span><\/div><\/div><\/div><div class=\"fusion-layout-column fusion_builder_column fusion-builder-column-2 fusion_builder_column_1_3 1_3 fusion-flex-column fusion-flex-align-self-flex-start\" style=\"--awb-bg-size:cover;--awb-width-large:33.333333333333%;--awb-margin-top-large:0px;--awb-spacing-right-large:5.76%;--awb-margin-bottom-large:20px;--awb-spacing-left-large:5.76%;--awb-width-medium:33.333333333333%;--awb-order-medium:0;--awb-spacing-right-medium:5.76%;--awb-spacing-left-medium:5.76%;--awb-width-small:100%;--awb-order-small:0;--awb-spacing-right-small:1.92%;--awb-spacing-left-small:1.92%;\" data-scroll-devices=\"small-visibility,medium-visibility,large-visibility\"><div class=\"fusion-column-wrapper fusion-column-has-shadow fusion-flex-justify-content-flex-start fusion-content-layout-column\"><div class=\"fusion-title title fusion-title-1 fusion-sep-none fusion-title-text fusion-title-size-one\" style=\"--awb-margin-top-small:10px;--awb-margin-right-small:0px;--awb-margin-bottom-small:10px;--awb-margin-left-small:0px;\"><h1 class=\"fusion-title-heading title-heading-left fusion-responsive-typography-calculated\" style=\"margin:0;--fontSize:20;--minFontSize:20;line-height:var(--awb-typography1-line-height);\"><h3 style=\"text-align: left;\"><strong>DUAL FUEL SYSTEMS Sp. z o.o.<\/strong><br>\n<strong>ul. Bytomska 8, 61-403 Pozna\u0144<\/strong><\/h3><\/h1><\/div><div class=\"fusion-text fusion-text-1\"><p>NIP: PL7822565080<\/p>\n<p>REGON: 302560952<\/p>\n<\/div><\/div><\/div><div class=\"fusion-layout-column fusion_builder_column fusion-builder-column-3 fusion_builder_column_1_3 1_3 fusion-flex-column fusion-flex-align-self-flex-start\" style=\"--awb-bg-size:cover;--awb-width-large:33.333333333333%;--awb-margin-top-large:0px;--awb-spacing-right-large:5.76%;--awb-margin-bottom-large:20px;--awb-spacing-left-large:5.76%;--awb-width-medium:33.333333333333%;--awb-order-medium:0;--awb-spacing-right-medium:5.76%;--awb-spacing-left-medium:5.76%;--awb-width-small:100%;--awb-order-small:0;--awb-spacing-right-small:1.92%;--awb-spacing-left-small:1.92%;\" data-scroll-devices=\"small-visibility,medium-visibility,large-visibility\"><div class=\"fusion-column-wrapper fusion-column-has-shadow fusion-flex-justify-content-flex-start fusion-content-layout-column\"><div class=\"fusion-text fusion-text-2\" style=\"--awb-margin-top:1%;\"><p>E-mail: info@dualfuel.eu<\/p>\n<p>Comercio: https:\/\/shop.dualfuel.eu\/<\/p>\n<p>tel.: <a href=\"tel:+48 535 200 057\">+48 535 200 057<\/a><\/p>\n<p>Horario de apertura: 8:00 \u2013 16:00 CET<\/p>\n<\/div><\/div><\/div><div class=\"fusion-layout-column fusion_builder_column fusion-builder-column-4 fusion_builder_column_1_3 1_3 fusion-flex-column fusion-flex-align-self-flex-start\" style=\"--awb-bg-size:cover;--awb-width-large:33.333333333333%;--awb-margin-top-large:-2%;--awb-spacing-right-large:5.76%;--awb-margin-bottom-large:50px;--awb-spacing-left-large:5.76%;--awb-width-medium:33.333333333333%;--awb-order-medium:0;--awb-spacing-right-medium:5.76%;--awb-spacing-left-medium:5.76%;--awb-width-small:100%;--awb-order-small:0;--awb-spacing-right-small:1.92%;--awb-spacing-left-small:1.92%;\" data-scroll-devices=\"small-visibility,medium-visibility,large-visibility\"><div class=\"fusion-column-wrapper fusion-column-has-shadow fusion-flex-justify-content-flex-start fusion-content-layout-column\"><div class=\"fusion-title title fusion-title-2 fusion-sep-none fusion-title-text fusion-title-size-one\" style=\"--awb-margin-top-small:10px;--awb-margin-right-small:0px;--awb-margin-bottom-small:10px;--awb-margin-left-small:0px;\"><h1 class=\"fusion-title-heading title-heading-left fusion-responsive-typography-calculated\" style=\"margin:0;--fontSize:20;--minFontSize:20;line-height:var(--awb-typography1-line-height);\"><p style=\"text-align: center;\"><strong>Venta al por menor, piezas de repuesto<\/strong><\/p><\/h1><\/div><div class=\"fusion-text fusion-text-3\" style=\"--awb-margin-top:3%;\"><p>Jacek<\/p>\n<p>tel.: <a href=\"tel:+48 61 872 65 20\">+48 61 872 65 20<\/a><\/p>\n<p>email: zamowienia@dualfuel.eu<\/p>\n<\/div><\/div><\/div><div class=\"fusion-layout-column fusion_builder_column fusion-builder-column-5 fusion_builder_column_1_3 1_3 fusion-flex-column fusion-flex-align-self-flex-start\" style=\"--awb-bg-size:cover;--awb-width-large:33.333333333333%;--awb-margin-top-large:0px;--awb-spacing-right-large:5.76%;--awb-margin-bottom-large:50px;--awb-spacing-left-large:5.76%;--awb-width-medium:33.333333333333%;--awb-order-medium:0;--awb-spacing-right-medium:5.76%;--awb-spacing-left-medium:5.76%;--awb-width-small:100%;--awb-order-small:0;--awb-spacing-right-small:1.92%;--awb-spacing-left-small:1.92%;\" data-scroll-devices=\"small-visibility,medium-visibility,large-visibility\"><div class=\"fusion-column-wrapper fusion-column-has-shadow fusion-flex-justify-content-flex-start fusion-content-layout-column\"><div class=\"fusion-title title fusion-title-3 fusion-sep-none fusion-title-text fusion-title-size-one\" style=\"--awb-margin-top:-3%;--awb-margin-top-small:10px;--awb-margin-right-small:0px;--awb-margin-bottom-small:10px;--awb-margin-left-small:0px;\"><h1 class=\"fusion-title-heading title-heading-left fusion-responsive-typography-calculated\" style=\"margin:0;--fontSize:20;--minFontSize:20;line-height:var(--awb-typography1-line-height);\"><h3 style=\"text-align: center;\"><strong>Distribuci\u00f3n y cooperaci\u00f3n empresarial<\/strong><\/h3><\/h1><\/div><div class=\"fusion-text fusion-text-4\" style=\"--awb-margin-top:4%;\"><p>Natalia<\/p>\n<p>tel.: <a href=\"tel: +48 535 200 057\"> +48 535 200 057<\/a><\/p>\n<p>email: info@dualfuel.eu<\/p>\n<\/div><\/div><\/div><div class=\"fusion-layout-column fusion_builder_column fusion-builder-column-6 fusion_builder_column_1_4 1_4 fusion-flex-column fusion-flex-align-self-flex-start\" style=\"--awb-bg-size:cover;--awb-width-large:25%;--awb-margin-top-large:0px;--awb-spacing-right-large:7.68%;--awb-margin-bottom-large:-50px;--awb-spacing-left-large:7.68%;--awb-width-medium:25%;--awb-order-medium:0;--awb-spacing-right-medium:7.68%;--awb-spacing-left-medium:7.68%;--awb-width-small:100%;--awb-order-small:0;--awb-spacing-right-small:1.92%;--awb-spacing-left-small:1.92%;\" data-scroll-devices=\"small-visibility,medium-visibility,large-visibility\"><div class=\"fusion-column-wrapper fusion-column-has-shadow fusion-flex-justify-content-flex-start fusion-content-layout-column\"><div class=\"fusion-title title fusion-title-4 fusion-sep-none fusion-title-text fusion-title-size-one\" style=\"--awb-margin-top:-3%;--awb-margin-top-small:10px;--awb-margin-right-small:0px;--awb-margin-bottom-small:10px;--awb-margin-left-small:0px;\"><h1 class=\"fusion-title-heading title-heading-left fusion-responsive-typography-calculated\" style=\"margin:0;--fontSize:20;--minFontSize:20;line-height:var(--awb-typography1-line-height);\"><h3 style=\"text-align: center;\"><strong>Apoyo t\u00e9cnico<\/strong><\/h3><\/h1><\/div><div class=\"fusion-text fusion-text-5\" style=\"--awb-margin-top:13%;\"><p>Bartek<\/p>\n<p>tel.: <a href=\"tel: +48 730 831 731\"> +48 730 831 731<\/a><\/p>\n<p>email: serwis@dualfuel.eu<\/p>\n<\/div><\/div><\/div><\/div><\/div><div class=\"fusion-fullwidth fullwidth-box fusion-builder-row-3 fusion-flex-container has-pattern-background has-mask-background nonhundred-percent-fullwidth non-hundred-percent-height-scrolling\" style=\"--awb-border-radius-top-left:0px;--awb-border-radius-top-right:0px;--awb-border-radius-bottom-right:0px;--awb-border-radius-bottom-left:0px;--awb-flex-wrap:wrap;\"><div class=\"fusion-builder-row fusion-row fusion-flex-align-items-flex-start fusion-flex-content-wrap\" style=\"max-width:1248px;margin-left: calc(-4% \/ 2 );margin-right: calc(-4% \/ 2 );\"><div class=\"fusion-layout-column fusion_builder_column fusion-builder-column-7 fusion_builder_column_1_1 1_1 fusion-flex-column\" style=\"--awb-bg-size:cover;--awb-width-large:100%;--awb-margin-top-large:0px;--awb-spacing-right-large:1.92%;--awb-margin-bottom-large:20px;--awb-spacing-left-large:1.92%;--awb-width-medium:100%;--awb-order-medium:0;--awb-spacing-right-medium:1.92%;--awb-spacing-left-medium:1.92%;--awb-width-small:100%;--awb-order-small:0;--awb-spacing-right-small:1.92%;--awb-spacing-left-small:1.92%;\"><div class=\"fusion-column-wrapper fusion-column-has-shadow fusion-flex-justify-content-flex-start fusion-content-layout-column\">\t\t\t\t\t<script type=\"text\/javascript\">\n\t\t\t\t\t\tvar map_fusion_map_69e1185371855;\n\t\t\t\t\t\tvar markers = [];\n\t\t\t\t\t\tvar counter = 0;\n\t\t\t\t\t\t\t\t\t\t\t\t\t\t\t\t\t\t\t\tvar fusionMapNonce = 'ab503ccab2';\n\t\t\t\t\t\t\t\t\t\t\t\tfunction fusion_run_map_fusion_map_69e1185371855() {\n\t\t\t\t\t\t\tjQuery ('#fusion_map_69e1185371855' ).fusion_maps( {\n\t\t\t\t\t\t\t\taddresses: [{\"address\":\"52.36378091577144,16.894413617548594\",\"infobox_content\":\"\",\"coordinates\":true,\"latitude\":\"52.36378091577144\",\"longitude\":\"16.894413617548594\",\"cache\":true,\"geocoded_address\":\"Bytomska 8, 61-403 Pozna\\u0144, Polska\"}],\n\t\t\t\t\t\t\t\tanimations: false,\n\t\t\t\t\t\t\t\tinfobox_background_color: '',\n\t\t\t\t\t\t\t\tinfobox_styling: 'default',\n\t\t\t\t\t\t\t\tinfobox_text_color: '',\n\t\t\t\t\t\t\t\tmap_style: 'default',\n\t\t\t\t\t\t\t\tmap_type: 'roadmap',\n\t\t\t\t\t\t\t\tmarker_icon: '',\n\t\t\t\t\t\t\t\toverlay_color: '',\n\t\t\t\t\t\t\t\toverlay_color_hsl: {\"hue\":0,\"sat\":0,\"lum\":100},\n\t\t\t\t\t\t\t\tshow_address: true,\n\t\t\t\t\t\t\t\tscale_control: true,\n\t\t\t\t\t\t\t\tscrollwheel: true,\n\t\t\t\t\t\t\t\tzoom: 14,\n\t\t\t\t\t\t\t\tzoom_control: true,\n\t\t\t\t\t\t\t} );\n\t\t\t\t\t\t}\n\n\t\t\t\t\t\tgoogle.maps.event.addDomListener(window, 'load', fusion_run_map_fusion_map_69e1185371855);\n\t\t\t\t\t<\/script>\n\t\t\t\t\t<div class=\"shortcode-map fusion-google-map fusion-maps-js-type\" style=\"--awb-height:500px;--awb-width:`1``000;\" id=\"fusion_map_69e1185371855\"><\/div><\/div><\/div><\/div><\/div>\n","protected":false},"excerpt":{"rendered":"","protected":false},"author":2,"featured_media":0,"parent":3122,"menu_order":0,"comment_status":"closed","ping_status":"closed","template":"100-width.php","meta":{"footnotes":""},"class_list":["post-3245","page","type-page","status-publish","hentry"],"yoast_head":"<!-- This site is optimized with the Yoast SEO plugin v27.4 - https:\/\/yoast.com\/product\/yoast-seo-wordpress\/ -->\n<title>Contacto - Fuel Fusion<\/title>\n<meta name=\"description\" content=\"Sistemas de combustible dual - contacto. Ll\u00e1manos o escr\u00edbenos para m\u00e1s informaci\u00f3n sobre nuestras instalaciones de gas para motores di\u00e9sel.\" \/>\n<meta name=\"robots\" content=\"index, follow, max-snippet:-1, max-image-preview:large, max-video-preview:-1\" \/>\n<link rel=\"canonical\" href=\"https:\/\/fuelfusion.pl\/es\/strona-glowna\/contacto\/\" \/>\n<meta property=\"og:locale\" content=\"es_ES\" \/>\n<meta property=\"og:type\" content=\"article\" \/>\n<meta property=\"og:title\" content=\"Contacto - Fuel Fusion\" \/>\n<meta property=\"og:description\" content=\"Sistemas de combustible dual - contacto. Ll\u00e1manos o escr\u00edbenos para m\u00e1s informaci\u00f3n sobre nuestras instalaciones de gas para motores di\u00e9sel.\" \/>\n<meta property=\"og:url\" content=\"https:\/\/fuelfusion.pl\/es\/strona-glowna\/contacto\/\" \/>\n<meta property=\"og:site_name\" content=\"Fuel Fusion\" \/>\n<meta property=\"article:publisher\" content=\"https:\/\/www.facebook.com\/DualFuelSystems\" \/>\n<meta property=\"article:modified_time\" content=\"2023-10-26T09:51:40+00:00\" \/>\n<meta name=\"twitter:card\" content=\"summary_large_image\" \/>\n<meta name=\"twitter:site\" content=\"@fuel_fusion\" \/>\n<meta name=\"twitter:label1\" content=\"Tiempo de lectura\" \/>\n\t<meta name=\"twitter:data1\" content=\"16 minutos\" \/>\n<script type=\"application\/ld+json\" class=\"yoast-schema-graph\">{\"@context\":\"https:\\\/\\\/schema.org\",\"@graph\":[{\"@type\":\"WebPage\",\"@id\":\"https:\\\/\\\/fuelfusion.pl\\\/es\\\/strona-glowna\\\/contacto\\\/\",\"url\":\"https:\\\/\\\/fuelfusion.pl\\\/es\\\/strona-glowna\\\/contacto\\\/\",\"name\":\"Contacto - Fuel Fusion\",\"isPartOf\":{\"@id\":\"https:\\\/\\\/fuelfusion.pl\\\/#website\"},\"datePublished\":\"2023-06-20T09:18:31+00:00\",\"dateModified\":\"2023-10-26T09:51:40+00:00\",\"description\":\"Sistemas de combustible dual - contacto. Ll\u00e1manos o escr\u00edbenos para m\u00e1s informaci\u00f3n sobre nuestras instalaciones de gas para motores di\u00e9sel.\",\"breadcrumb\":{\"@id\":\"https:\\\/\\\/fuelfusion.pl\\\/es\\\/strona-glowna\\\/contacto\\\/#breadcrumb\"},\"inLanguage\":\"es\",\"potentialAction\":[{\"@type\":\"ReadAction\",\"target\":[\"https:\\\/\\\/fuelfusion.pl\\\/es\\\/strona-glowna\\\/contacto\\\/\"]}]},{\"@type\":\"BreadcrumbList\",\"@id\":\"https:\\\/\\\/fuelfusion.pl\\\/es\\\/strona-glowna\\\/contacto\\\/#breadcrumb\",\"itemListElement\":[{\"@type\":\"ListItem\",\"position\":1,\"name\":\"Strona g\u0142\u00f3wna\",\"item\":\"https:\\\/\\\/fuelfusion.pl\\\/es\\\/\"},{\"@type\":\"ListItem\",\"position\":2,\"name\":\"Pagina principal\",\"item\":\"https:\\\/\\\/fuelfusion.pl\\\/es\\\/\"},{\"@type\":\"ListItem\",\"position\":3,\"name\":\"Contacto\"}]},{\"@type\":\"WebSite\",\"@id\":\"https:\\\/\\\/fuelfusion.pl\\\/#website\",\"url\":\"https:\\\/\\\/fuelfusion.pl\\\/\",\"name\":\"Fuel Fusion\",\"description\":\"Producent zaawansowanych system&oacute;w gazowych LPG CNG do silnik&oacute;w diesel (diesel na LPG, gaz do diesla, TIR na gaz, TIR na LPG)\",\"publisher\":{\"@id\":\"https:\\\/\\\/fuelfusion.pl\\\/#organization\"},\"potentialAction\":[{\"@type\":\"SearchAction\",\"target\":{\"@type\":\"EntryPoint\",\"urlTemplate\":\"https:\\\/\\\/fuelfusion.pl\\\/?s={search_term_string}\"},\"query-input\":{\"@type\":\"PropertyValueSpecification\",\"valueRequired\":true,\"valueName\":\"search_term_string\"}}],\"inLanguage\":\"es\"},{\"@type\":\"Organization\",\"@id\":\"https:\\\/\\\/fuelfusion.pl\\\/#organization\",\"name\":\"Dual Fuel Systems\",\"url\":\"https:\\\/\\\/fuelfusion.pl\\\/\",\"logo\":{\"@type\":\"ImageObject\",\"inLanguage\":\"es\",\"@id\":\"https:\\\/\\\/fuelfusion.pl\\\/#\\\/schema\\\/logo\\\/image\\\/\",\"url\":\"https:\\\/\\\/fuelfusion.pl\\\/wp-content\\\/uploads\\\/2023\\\/06\\\/LOGO-DFS-FB.webp\",\"contentUrl\":\"https:\\\/\\\/fuelfusion.pl\\\/wp-content\\\/uploads\\\/2023\\\/06\\\/LOGO-DFS-FB.webp\",\"width\":1267,\"height\":436,\"caption\":\"Dual Fuel Systems\"},\"image\":{\"@id\":\"https:\\\/\\\/fuelfusion.pl\\\/#\\\/schema\\\/logo\\\/image\\\/\"},\"sameAs\":[\"https:\\\/\\\/www.facebook.com\\\/DualFuelSystems\",\"https:\\\/\\\/x.com\\\/fuel_fusion\",\"https:\\\/\\\/www.linkedin.com\\\/company\\\/dual-fuel-systems-sp-z-o-o\\\/\"]}]}<\/script>\n<!-- \/ Yoast SEO plugin. -->","yoast_head_json":{"title":"Contacto - Fuel Fusion","description":"Sistemas de combustible dual - contacto. Ll\u00e1manos o escr\u00edbenos para m\u00e1s informaci\u00f3n sobre nuestras instalaciones de gas para motores di\u00e9sel.","robots":{"index":"index","follow":"follow","max-snippet":"max-snippet:-1","max-image-preview":"max-image-preview:large","max-video-preview":"max-video-preview:-1"},"canonical":"https:\/\/fuelfusion.pl\/es\/strona-glowna\/contacto\/","og_locale":"es_ES","og_type":"article","og_title":"Contacto - Fuel Fusion","og_description":"Sistemas de combustible dual - contacto. Ll\u00e1manos o escr\u00edbenos para m\u00e1s informaci\u00f3n sobre nuestras instalaciones de gas para motores di\u00e9sel.","og_url":"https:\/\/fuelfusion.pl\/es\/strona-glowna\/contacto\/","og_site_name":"Fuel Fusion","article_publisher":"https:\/\/www.facebook.com\/DualFuelSystems","article_modified_time":"2023-10-26T09:51:40+00:00","twitter_card":"summary_large_image","twitter_site":"@fuel_fusion","twitter_misc":{"Tiempo de lectura":"16 minutos"},"schema":{"@context":"https:\/\/schema.org","@graph":[{"@type":"WebPage","@id":"https:\/\/fuelfusion.pl\/es\/strona-glowna\/contacto\/","url":"https:\/\/fuelfusion.pl\/es\/strona-glowna\/contacto\/","name":"Contacto - Fuel Fusion","isPartOf":{"@id":"https:\/\/fuelfusion.pl\/#website"},"datePublished":"2023-06-20T09:18:31+00:00","dateModified":"2023-10-26T09:51:40+00:00","description":"Sistemas de combustible dual - contacto. Ll\u00e1manos o escr\u00edbenos para m\u00e1s informaci\u00f3n sobre nuestras instalaciones de gas para motores di\u00e9sel.","breadcrumb":{"@id":"https:\/\/fuelfusion.pl\/es\/strona-glowna\/contacto\/#breadcrumb"},"inLanguage":"es","potentialAction":[{"@type":"ReadAction","target":["https:\/\/fuelfusion.pl\/es\/strona-glowna\/contacto\/"]}]},{"@type":"BreadcrumbList","@id":"https:\/\/fuelfusion.pl\/es\/strona-glowna\/contacto\/#breadcrumb","itemListElement":[{"@type":"ListItem","position":1,"name":"Strona g\u0142\u00f3wna","item":"https:\/\/fuelfusion.pl\/es\/"},{"@type":"ListItem","position":2,"name":"Pagina principal","item":"https:\/\/fuelfusion.pl\/es\/"},{"@type":"ListItem","position":3,"name":"Contacto"}]},{"@type":"WebSite","@id":"https:\/\/fuelfusion.pl\/#website","url":"https:\/\/fuelfusion.pl\/","name":"Fuel Fusion","description":"Producent zaawansowanych system&oacute;w gazowych LPG CNG do silnik&oacute;w diesel (diesel na LPG, gaz do diesla, TIR na gaz, TIR na LPG)","publisher":{"@id":"https:\/\/fuelfusion.pl\/#organization"},"potentialAction":[{"@type":"SearchAction","target":{"@type":"EntryPoint","urlTemplate":"https:\/\/fuelfusion.pl\/?s={search_term_string}"},"query-input":{"@type":"PropertyValueSpecification","valueRequired":true,"valueName":"search_term_string"}}],"inLanguage":"es"},{"@type":"Organization","@id":"https:\/\/fuelfusion.pl\/#organization","name":"Dual Fuel Systems","url":"https:\/\/fuelfusion.pl\/","logo":{"@type":"ImageObject","inLanguage":"es","@id":"https:\/\/fuelfusion.pl\/#\/schema\/logo\/image\/","url":"https:\/\/fuelfusion.pl\/wp-content\/uploads\/2023\/06\/LOGO-DFS-FB.webp","contentUrl":"https:\/\/fuelfusion.pl\/wp-content\/uploads\/2023\/06\/LOGO-DFS-FB.webp","width":1267,"height":436,"caption":"Dual Fuel Systems"},"image":{"@id":"https:\/\/fuelfusion.pl\/#\/schema\/logo\/image\/"},"sameAs":["https:\/\/www.facebook.com\/DualFuelSystems","https:\/\/x.com\/fuel_fusion","https:\/\/www.linkedin.com\/company\/dual-fuel-systems-sp-z-o-o\/"]}]}},"_links":{"self":[{"href":"https:\/\/fuelfusion.pl\/es\/wp-json\/wp\/v2\/pages\/3245","targetHints":{"allow":["GET"]}}],"collection":[{"href":"https:\/\/fuelfusion.pl\/es\/wp-json\/wp\/v2\/pages"}],"about":[{"href":"https:\/\/fuelfusion.pl\/es\/wp-json\/wp\/v2\/types\/page"}],"author":[{"embeddable":true,"href":"https:\/\/fuelfusion.pl\/es\/wp-json\/wp\/v2\/users\/2"}],"replies":[{"embeddable":true,"href":"https:\/\/fuelfusion.pl\/es\/wp-json\/wp\/v2\/comments?post=3245"}],"version-history":[{"count":18,"href":"https:\/\/fuelfusion.pl\/es\/wp-json\/wp\/v2\/pages\/3245\/revisions"}],"predecessor-version":[{"id":4658,"href":"https:\/\/fuelfusion.pl\/es\/wp-json\/wp\/v2\/pages\/3245\/revisions\/4658"}],"up":[{"embeddable":true,"href":"https:\/\/fuelfusion.pl\/es\/wp-json\/wp\/v2\/pages\/3122"}],"wp:attachment":[{"href":"https:\/\/fuelfusion.pl\/es\/wp-json\/wp\/v2\/media?parent=3245"}],"curies":[{"name":"wp","href":"https:\/\/api.w.org\/{rel}","templated":true}]}}