{"id":3148,"date":"2023-06-13T14:28:51","date_gmt":"2023-06-13T12:28:51","guid":{"rendered":"https:\/\/fuelfusion.pl\/?page_id=3148"},"modified":"2024-11-26T11:43:21","modified_gmt":"2024-11-26T09:43:21","slug":"empresa","status":"publish","type":"page","link":"https:\/\/fuelfusion.pl\/es\/empresa\/","title":{"rendered":"Sobre nosotros"},"content":{"rendered":"<p><\/p><div class=\"fusion-fullwidth fullwidth-box fusion-builder-row-1 fusion-flex-container has-pattern-background has-mask-background nonhundred-percent-fullwidth non-hundred-percent-height-scrolling\" style=\"--awb-border-radius-top-left:0px;--awb-border-radius-top-right:0px;--awb-border-radius-bottom-right:0px;--awb-border-radius-bottom-left:0px;--awb-flex-wrap:wrap;\"><div class=\"fusion-builder-row fusion-row fusion-flex-align-items-flex-start fusion-flex-content-wrap\" style=\"max-width:1248px;margin-left: calc(-4% \/ 2 );margin-right: calc(-4% \/ 2 );\"><div class=\"fusion-layout-column fusion_builder_column fusion-builder-column-0 fusion_builder_column_1_1 1_1 fusion-flex-column\" style=\"--awb-bg-size:cover;--awb-width-large:100%;--awb-margin-top-large:0px;--awb-spacing-right-large:1.92%;--awb-margin-bottom-large:20px;--awb-spacing-left-large:1.92%;--awb-width-medium:100%;--awb-order-medium:0;--awb-spacing-right-medium:1.92%;--awb-spacing-left-medium:1.92%;--awb-width-small:100%;--awb-order-small:0;--awb-spacing-right-small:1.92%;--awb-spacing-left-small:1.92%;\"><div class=\"fusion-column-wrapper fusion-column-has-shadow fusion-flex-justify-content-flex-start fusion-content-layout-column\"><nav class=\"fusion-breadcrumbs awb-yoast-breadcrumbs fusion-breadcrumbs-1\" style=\"--awb-breadcrumb-sep:&#039;\/&#039;;\" aria-label=\"Breadcrumb\"><span><span><a href=\"https:\/\/fuelfusion.pl\/es\/\">Strona g\u0142\u00f3wna<\/a><\/span><\/span><\/nav><\/div><\/div><\/div><\/div><div class=\"fusion-fullwidth fullwidth-box fusion-builder-row-2 fusion-flex-container has-pattern-background has-mask-background nonhundred-percent-fullwidth non-hundred-percent-height-scrolling\" style=\"--awb-border-radius-top-left:0px;--awb-border-radius-top-right:0px;--awb-border-radius-bottom-right:0px;--awb-border-radius-bottom-left:0px;--awb-flex-wrap:wrap;\"><div class=\"fusion-builder-row fusion-row fusion-flex-align-items-flex-start fusion-flex-content-wrap\" style=\"max-width:1248px;margin-left: calc(-4% \/ 2 );margin-right: calc(-4% \/ 2 );\"><div class=\"fusion-layout-column fusion_builder_column fusion-builder-column-1 fusion_builder_column_1_2 1_2 fusion-flex-column\" style=\"--awb-bg-size:cover;--awb-width-large:50%;--awb-margin-top-large:0px;--awb-spacing-right-large:3.84%;--awb-margin-bottom-large:20px;--awb-spacing-left-large:3.84%;--awb-width-medium:50%;--awb-order-medium:0;--awb-spacing-right-medium:3.84%;--awb-spacing-left-medium:3.84%;--awb-width-small:100%;--awb-order-small:0;--awb-spacing-right-small:1.92%;--awb-spacing-left-small:1.92%;\"><div class=\"fusion-column-wrapper fusion-column-has-shadow fusion-flex-justify-content-flex-start fusion-content-layout-column\"><div class=\"fusion-text fusion-text-1\"><p><strong>DUAL FUEL SYSTEMS Sp. z o. o.<\/strong> es el propietario y fabricante de <strong>FUEL FUSION<\/strong>, es decir, el sistema de doble combustible di\u00e9sel.<\/p>\n<p>Somos el \u00fanico fabricante polaco especializado en sistemas de doble combustible para motores di\u00e9sel.<\/p>\n<p>Nuestra empresa est\u00e1 formada principalmente por personas cuyas pasiones e intereses est\u00e1n estrechamente relacionados con las tecnolog\u00edas del autog\u00e1s. Son personas con una amplia experiencia, cuyo objetivo com\u00fan es crear sistemas de suministro de energ\u00eda alternativos de alta calidad. Gracias a ellos, permiten a todos los conductores ahorrar dinero y, al mismo tiempo, proteger el medio ambiente.<\/p>\n<\/div><\/div><\/div><div class=\"fusion-layout-column fusion_builder_column fusion-builder-column-2 fusion_builder_column_1_2 1_2 fusion-flex-column\" style=\"--awb-bg-size:cover;--awb-width-large:50%;--awb-margin-top-large:0px;--awb-spacing-right-large:3.84%;--awb-margin-bottom-large:20px;--awb-spacing-left-large:3.84%;--awb-width-medium:50%;--awb-order-medium:0;--awb-spacing-right-medium:3.84%;--awb-spacing-left-medium:3.84%;--awb-width-small:100%;--awb-order-small:0;--awb-spacing-right-small:1.92%;--awb-spacing-left-small:1.92%;\"><div class=\"fusion-column-wrapper fusion-column-has-shadow fusion-flex-justify-content-flex-start fusion-content-layout-column\"><div class=\"fusion-image-element \" style=\"--awb-caption-title-font-family:var(--h2_typography-font-family);--awb-caption-title-font-weight:var(--h2_typography-font-weight);--awb-caption-title-font-style:var(--h2_typography-font-style);--awb-caption-title-size:var(--h2_typography-font-size);--awb-caption-title-transform:var(--h2_typography-text-transform);--awb-caption-title-line-height:var(--h2_typography-line-height);--awb-caption-title-letter-spacing:var(--h2_typography-letter-spacing);\"><span class=\" fusion-imageframe imageframe-none imageframe-1 hover-type-none\"><noscript><img decoding=\"async\" width=\"1024\" height=\"683\" alt=\"Biuro Dual Fuel Systems\" title=\"biuro\" src=\"https:\/\/fuelfusion.pl\/wp-content\/uploads\/2023\/06\/biuro.webp\" class=\"img-responsive wp-image-261\" srcset=\"https:\/\/fuelfusion.pl\/wp-content\/uploads\/2023\/06\/biuro-200x133.webp 200w, https:\/\/fuelfusion.pl\/wp-content\/uploads\/2023\/06\/biuro-400x267.webp 400w, https:\/\/fuelfusion.pl\/wp-content\/uploads\/2023\/06\/biuro-600x400.webp 600w, https:\/\/fuelfusion.pl\/wp-content\/uploads\/2023\/06\/biuro-800x534.webp 800w, https:\/\/fuelfusion.pl\/wp-content\/uploads\/2023\/06\/biuro.webp 1024w\" sizes=\"(max-width: 640px) 100vw, 600px\"><\/noscript><img decoding=\"async\" width=\"1024\" height=\"683\" alt=\"Biuro Dual Fuel Systems\" title=\"biuro\" src=\"data:image\/svg+xml,%3Csvg%20xmlns%3D%22http%3A%2F%2Fwww.w3.org%2F2000%2Fsvg%22%20viewBox%3D%220%200%201024%20683%22%3E%3C%2Fsvg%3E\" class=\"img-responsive wp-image-261 lazyload\" srcset=\"data:image\/svg+xml,%3Csvg%20xmlns%3D%22http%3A%2F%2Fwww.w3.org%2F2000%2Fsvg%22%20viewBox%3D%220%200%201024%20683%22%3E%3C%2Fsvg%3E 1024w\" sizes=\"(max-width: 640px) 100vw, 600px\" data-srcset=\"https:\/\/fuelfusion.pl\/wp-content\/uploads\/2023\/06\/biuro-200x133.webp 200w, https:\/\/fuelfusion.pl\/wp-content\/uploads\/2023\/06\/biuro-400x267.webp 400w, https:\/\/fuelfusion.pl\/wp-content\/uploads\/2023\/06\/biuro-600x400.webp 600w, https:\/\/fuelfusion.pl\/wp-content\/uploads\/2023\/06\/biuro-800x534.webp 800w, https:\/\/fuelfusion.pl\/wp-content\/uploads\/2023\/06\/biuro.webp 1024w\" data-src=\"https:\/\/fuelfusion.pl\/wp-content\/uploads\/2023\/06\/biuro.webp\"><\/span><\/div><\/div><\/div><div class=\"fusion-layout-column fusion_builder_column fusion-builder-column-3 fusion_builder_column_1_1 1_1 fusion-flex-column\" style=\"--awb-bg-size:cover;--awb-width-large:100%;--awb-margin-top-large:0px;--awb-spacing-right-large:1.92%;--awb-margin-bottom-large:20px;--awb-spacing-left-large:1.92%;--awb-width-medium:100%;--awb-order-medium:0;--awb-spacing-right-medium:1.92%;--awb-spacing-left-medium:1.92%;--awb-width-small:100%;--awb-order-small:0;--awb-spacing-right-small:1.92%;--awb-spacing-left-small:1.92%;\"><div class=\"fusion-column-wrapper fusion-column-has-shadow fusion-flex-justify-content-flex-start fusion-content-layout-column\"><div class=\"fusion-text fusion-text-2\"><p>Nuestra misi\u00f3n es el desarrollo tecnol\u00f3gico continuo de nuestros productos y el incremento de la calidad de nuestros servicios. La prioridad para nuestro equipo es la satisfacci\u00f3n de cada usuario del sistema <strong>FUEL FUSION<\/strong>, un producto que dise\u00f1amos desde cero y del que estamos orgullosos.<\/p>\n<\/div><\/div><\/div><\/div><\/div><div class=\"fusion-fullwidth fullwidth-box fusion-builder-row-3 fusion-flex-container has-pattern-background has-mask-background nonhundred-percent-fullwidth non-hundred-percent-height-scrolling\" style=\"--awb-border-radius-top-left:0px;--awb-border-radius-top-right:0px;--awb-border-radius-bottom-right:0px;--awb-border-radius-bottom-left:0px;--awb-flex-wrap:wrap;\"><div class=\"fusion-builder-row fusion-row fusion-flex-align-items-flex-start fusion-flex-content-wrap\" style=\"max-width:1248px;margin-left: calc(-4% \/ 2 );margin-right: calc(-4% \/ 2 );\"><div class=\"fusion-layout-column fusion_builder_column fusion-builder-column-4 fusion_builder_column_1_1 1_1 fusion-flex-column\" style=\"--awb-bg-size:cover;--awb-width-large:100%;--awb-margin-top-large:0px;--awb-spacing-right-large:1.92%;--awb-margin-bottom-large:20px;--awb-spacing-left-large:1.92%;--awb-width-medium:100%;--awb-order-medium:0;--awb-spacing-right-medium:1.92%;--awb-spacing-left-medium:1.92%;--awb-width-small:100%;--awb-order-small:0;--awb-spacing-right-small:1.92%;--awb-spacing-left-small:1.92%;\"><div class=\"fusion-column-wrapper fusion-column-has-shadow fusion-flex-justify-content-flex-start fusion-content-layout-column\"><div class=\"fusion-title title fusion-title-1 fusion-sep-none fusion-title-center fusion-title-text fusion-title-size-one\" style=\"--awb-margin-top-small:10px;--awb-margin-right-small:0px;--awb-margin-bottom-small:10px;--awb-margin-left-small:0px;\"><h1 class=\"fusion-title-heading title-heading-center fusion-responsive-typography-calculated\" style=\"margin:0;--fontSize:20;--minFontSize:20;line-height:var(--awb-typography1-line-height);\"><strong>2 x ECO<\/strong><\/h1><\/div><\/div><\/div><div class=\"fusion-layout-column fusion_builder_column fusion-builder-column-5 fusion_builder_column_1_2 1_2 fusion-flex-column\" style=\"--awb-bg-size:cover;--awb-width-large:50%;--awb-margin-top-large:0px;--awb-spacing-right-large:3.84%;--awb-margin-bottom-large:20px;--awb-spacing-left-large:3.84%;--awb-width-medium:50%;--awb-order-medium:0;--awb-spacing-right-medium:3.84%;--awb-spacing-left-medium:3.84%;--awb-width-small:100%;--awb-order-small:0;--awb-spacing-right-small:1.92%;--awb-spacing-left-small:1.92%;\"><div class=\"fusion-column-wrapper fusion-column-has-shadow fusion-flex-justify-content-flex-start fusion-content-layout-column\"><div class=\"fusion-title title fusion-title-2 fusion-sep-none fusion-title-center fusion-title-text fusion-title-size-one\" style=\"--awb-margin-top-small:10px;--awb-margin-right-small:0px;--awb-margin-bottom-small:10px;--awb-margin-left-small:0px;\"><h1 class=\"fusion-title-heading title-heading-center fusion-responsive-typography-calculated\" style=\"margin:0;--fontSize:20;--minFontSize:20;line-height:var(--awb-typography1-line-height);\"><strong>ECONOM\u00cdA<\/strong><\/h1><\/div><div class=\"fusion-text fusion-text-3\"><p>El uso de gas como combustible alternativo m\u00e1s barato en motores di\u00e9sel.<\/p>\n<\/div><div style=\"text-align:center;\"><a class=\"fusion-button button-flat fusion-button-default-size button-default fusion-button-default button-1 fusion-button-default-span fusion-button-default-type\" style=\"--awb-margin-top:4%;\" target=\"_self\" href=\"https:\/\/fuelfusion.pl\/es\/fuel-fusion\/sistema-de-fuel-fusion\/\"><span class=\"fusion-button-text awb-button__text awb-button__text--default\">Ver m\u00e1s<\/span><\/a><\/div><\/div><\/div><div class=\"fusion-layout-column fusion_builder_column fusion-builder-column-6 fusion_builder_column_1_2 1_2 fusion-flex-column\" style=\"--awb-bg-size:cover;--awb-width-large:50%;--awb-margin-top-large:0px;--awb-spacing-right-large:3.84%;--awb-margin-bottom-large:20px;--awb-spacing-left-large:3.84%;--awb-width-medium:50%;--awb-order-medium:0;--awb-spacing-right-medium:3.84%;--awb-spacing-left-medium:3.84%;--awb-width-small:100%;--awb-order-small:0;--awb-spacing-right-small:1.92%;--awb-spacing-left-small:1.92%;\"><div class=\"fusion-column-wrapper fusion-column-has-shadow fusion-flex-justify-content-flex-start fusion-content-layout-column\"><div class=\"fusion-title title fusion-title-3 fusion-sep-none fusion-title-center fusion-title-text fusion-title-size-one\" style=\"--awb-margin-top-small:10px;--awb-margin-right-small:0px;--awb-margin-bottom-small:10px;--awb-margin-left-small:0px;\"><h1 class=\"fusion-title-heading title-heading-center fusion-responsive-typography-calculated\" style=\"margin:0;--fontSize:20;--minFontSize:20;line-height:var(--awb-typography1-line-height);\"><strong>ECOLOG\u00cdA<\/strong><\/h1><\/div><div class=\"fusion-text fusion-text-4\"><p>El uso de gas para reducir la emisi\u00f3n de sustancias nocivas en el escape de los motores di\u00e9sel.<\/p>\n<\/div><div style=\"text-align:center;\"><a class=\"fusion-button button-flat fusion-button-default-size button-default fusion-button-default button-2 fusion-button-default-span fusion-button-default-type\" target=\"_self\" href=\"https:\/\/fuelfusion.pl\/es\/fuel-fusion\/ecologia\/\"><span class=\"fusion-button-text awb-button__text awb-button__text--default\">Ver m\u00e1s<\/span><\/a><\/div><\/div><\/div><\/div><\/div>\n","protected":false},"excerpt":{"rendered":"","protected":false},"author":2,"featured_media":0,"parent":0,"menu_order":0,"comment_status":"closed","ping_status":"closed","template":"100-width.php","meta":{"footnotes":""},"class_list":["post-3148","page","type-page","status-publish","hentry"],"yoast_head":"<!-- This site is optimized with the Yoast SEO plugin v27.4 - https:\/\/yoast.com\/product\/yoast-seo-wordpress\/ -->\n<title>Sobre nosotros - Fuel Fusion<\/title>\n<meta name=\"description\" content=\"Sistemas de combustible dual sp. zoo. es fabricante de Fuel Fusion, instalaciones de gas diesel. Conozca nuestra historia y misi\u00f3n.\" \/>\n<meta name=\"robots\" content=\"index, follow, max-snippet:-1, max-image-preview:large, max-video-preview:-1\" \/>\n<link rel=\"canonical\" href=\"https:\/\/fuelfusion.pl\/es\/empresa\/\" \/>\n<meta property=\"og:locale\" content=\"es_ES\" \/>\n<meta property=\"og:type\" content=\"article\" \/>\n<meta property=\"og:title\" content=\"Sobre nosotros - Fuel Fusion\" \/>\n<meta property=\"og:description\" content=\"Sistemas de combustible dual sp. zoo. es fabricante de Fuel Fusion, instalaciones de gas diesel. Conozca nuestra historia y misi\u00f3n.\" \/>\n<meta property=\"og:url\" content=\"https:\/\/fuelfusion.pl\/es\/empresa\/\" \/>\n<meta property=\"og:site_name\" content=\"Fuel Fusion\" \/>\n<meta property=\"article:publisher\" content=\"https:\/\/www.facebook.com\/DualFuelSystems\" \/>\n<meta property=\"article:modified_time\" content=\"2024-11-26T09:43:21+00:00\" \/>\n<meta name=\"twitter:card\" content=\"summary_large_image\" \/>\n<meta name=\"twitter:site\" content=\"@fuel_fusion\" \/>\n<meta name=\"twitter:label1\" content=\"Tiempo de lectura\" \/>\n\t<meta name=\"twitter:data1\" content=\"2 minutos\" \/>\n<script type=\"application\/ld+json\" class=\"yoast-schema-graph\">{\"@context\":\"https:\\\/\\\/schema.org\",\"@graph\":[{\"@type\":\"WebPage\",\"@id\":\"https:\\\/\\\/fuelfusion.pl\\\/es\\\/empresa\\\/\",\"url\":\"https:\\\/\\\/fuelfusion.pl\\\/es\\\/empresa\\\/\",\"name\":\"Sobre nosotros - Fuel Fusion\",\"isPartOf\":{\"@id\":\"https:\\\/\\\/fuelfusion.pl\\\/#website\"},\"datePublished\":\"2023-06-13T12:28:51+00:00\",\"dateModified\":\"2024-11-26T09:43:21+00:00\",\"description\":\"Sistemas de combustible dual sp. zoo. es fabricante de Fuel Fusion, instalaciones de gas diesel. Conozca nuestra historia y misi\u00f3n.\",\"breadcrumb\":{\"@id\":\"https:\\\/\\\/fuelfusion.pl\\\/es\\\/empresa\\\/#breadcrumb\"},\"inLanguage\":\"es\",\"potentialAction\":[{\"@type\":\"ReadAction\",\"target\":[\"https:\\\/\\\/fuelfusion.pl\\\/es\\\/empresa\\\/\"]}]},{\"@type\":\"BreadcrumbList\",\"@id\":\"https:\\\/\\\/fuelfusion.pl\\\/es\\\/empresa\\\/#breadcrumb\",\"itemListElement\":[{\"@type\":\"ListItem\",\"position\":1,\"name\":\"Strona g\u0142\u00f3wna\",\"item\":\"https:\\\/\\\/fuelfusion.pl\\\/es\\\/\"},{\"@type\":\"ListItem\",\"position\":2,\"name\":\"Sobre nosotros\"}]},{\"@type\":\"WebSite\",\"@id\":\"https:\\\/\\\/fuelfusion.pl\\\/#website\",\"url\":\"https:\\\/\\\/fuelfusion.pl\\\/\",\"name\":\"Fuel Fusion\",\"description\":\"Producent zaawansowanych system&oacute;w gazowych LPG CNG do silnik&oacute;w diesel (diesel na LPG, gaz do diesla, TIR na gaz, TIR na LPG)\",\"publisher\":{\"@id\":\"https:\\\/\\\/fuelfusion.pl\\\/#organization\"},\"potentialAction\":[{\"@type\":\"SearchAction\",\"target\":{\"@type\":\"EntryPoint\",\"urlTemplate\":\"https:\\\/\\\/fuelfusion.pl\\\/?s={search_term_string}\"},\"query-input\":{\"@type\":\"PropertyValueSpecification\",\"valueRequired\":true,\"valueName\":\"search_term_string\"}}],\"inLanguage\":\"es\"},{\"@type\":\"Organization\",\"@id\":\"https:\\\/\\\/fuelfusion.pl\\\/#organization\",\"name\":\"Dual Fuel Systems\",\"url\":\"https:\\\/\\\/fuelfusion.pl\\\/\",\"logo\":{\"@type\":\"ImageObject\",\"inLanguage\":\"es\",\"@id\":\"https:\\\/\\\/fuelfusion.pl\\\/#\\\/schema\\\/logo\\\/image\\\/\",\"url\":\"https:\\\/\\\/fuelfusion.pl\\\/wp-content\\\/uploads\\\/2023\\\/06\\\/LOGO-DFS-FB.webp\",\"contentUrl\":\"https:\\\/\\\/fuelfusion.pl\\\/wp-content\\\/uploads\\\/2023\\\/06\\\/LOGO-DFS-FB.webp\",\"width\":1267,\"height\":436,\"caption\":\"Dual Fuel Systems\"},\"image\":{\"@id\":\"https:\\\/\\\/fuelfusion.pl\\\/#\\\/schema\\\/logo\\\/image\\\/\"},\"sameAs\":[\"https:\\\/\\\/www.facebook.com\\\/DualFuelSystems\",\"https:\\\/\\\/x.com\\\/fuel_fusion\",\"https:\\\/\\\/www.linkedin.com\\\/company\\\/dual-fuel-systems-sp-z-o-o\\\/\"]}]}<\/script>\n<!-- \/ Yoast SEO plugin. -->","yoast_head_json":{"title":"Sobre nosotros - Fuel Fusion","description":"Sistemas de combustible dual sp. zoo. es fabricante de Fuel Fusion, instalaciones de gas diesel. Conozca nuestra historia y misi\u00f3n.","robots":{"index":"index","follow":"follow","max-snippet":"max-snippet:-1","max-image-preview":"max-image-preview:large","max-video-preview":"max-video-preview:-1"},"canonical":"https:\/\/fuelfusion.pl\/es\/empresa\/","og_locale":"es_ES","og_type":"article","og_title":"Sobre nosotros - Fuel Fusion","og_description":"Sistemas de combustible dual sp. zoo. es fabricante de Fuel Fusion, instalaciones de gas diesel. Conozca nuestra historia y misi\u00f3n.","og_url":"https:\/\/fuelfusion.pl\/es\/empresa\/","og_site_name":"Fuel Fusion","article_publisher":"https:\/\/www.facebook.com\/DualFuelSystems","article_modified_time":"2024-11-26T09:43:21+00:00","twitter_card":"summary_large_image","twitter_site":"@fuel_fusion","twitter_misc":{"Tiempo de lectura":"2 minutos"},"schema":{"@context":"https:\/\/schema.org","@graph":[{"@type":"WebPage","@id":"https:\/\/fuelfusion.pl\/es\/empresa\/","url":"https:\/\/fuelfusion.pl\/es\/empresa\/","name":"Sobre nosotros - Fuel Fusion","isPartOf":{"@id":"https:\/\/fuelfusion.pl\/#website"},"datePublished":"2023-06-13T12:28:51+00:00","dateModified":"2024-11-26T09:43:21+00:00","description":"Sistemas de combustible dual sp. zoo. es fabricante de Fuel Fusion, instalaciones de gas diesel. Conozca nuestra historia y misi\u00f3n.","breadcrumb":{"@id":"https:\/\/fuelfusion.pl\/es\/empresa\/#breadcrumb"},"inLanguage":"es","potentialAction":[{"@type":"ReadAction","target":["https:\/\/fuelfusion.pl\/es\/empresa\/"]}]},{"@type":"BreadcrumbList","@id":"https:\/\/fuelfusion.pl\/es\/empresa\/#breadcrumb","itemListElement":[{"@type":"ListItem","position":1,"name":"Strona g\u0142\u00f3wna","item":"https:\/\/fuelfusion.pl\/es\/"},{"@type":"ListItem","position":2,"name":"Sobre nosotros"}]},{"@type":"WebSite","@id":"https:\/\/fuelfusion.pl\/#website","url":"https:\/\/fuelfusion.pl\/","name":"Fuel Fusion","description":"Producent zaawansowanych system&oacute;w gazowych LPG CNG do silnik&oacute;w diesel (diesel na LPG, gaz do diesla, TIR na gaz, TIR na LPG)","publisher":{"@id":"https:\/\/fuelfusion.pl\/#organization"},"potentialAction":[{"@type":"SearchAction","target":{"@type":"EntryPoint","urlTemplate":"https:\/\/fuelfusion.pl\/?s={search_term_string}"},"query-input":{"@type":"PropertyValueSpecification","valueRequired":true,"valueName":"search_term_string"}}],"inLanguage":"es"},{"@type":"Organization","@id":"https:\/\/fuelfusion.pl\/#organization","name":"Dual Fuel Systems","url":"https:\/\/fuelfusion.pl\/","logo":{"@type":"ImageObject","inLanguage":"es","@id":"https:\/\/fuelfusion.pl\/#\/schema\/logo\/image\/","url":"https:\/\/fuelfusion.pl\/wp-content\/uploads\/2023\/06\/LOGO-DFS-FB.webp","contentUrl":"https:\/\/fuelfusion.pl\/wp-content\/uploads\/2023\/06\/LOGO-DFS-FB.webp","width":1267,"height":436,"caption":"Dual Fuel Systems"},"image":{"@id":"https:\/\/fuelfusion.pl\/#\/schema\/logo\/image\/"},"sameAs":["https:\/\/www.facebook.com\/DualFuelSystems","https:\/\/x.com\/fuel_fusion","https:\/\/www.linkedin.com\/company\/dual-fuel-systems-sp-z-o-o\/"]}]}},"_links":{"self":[{"href":"https:\/\/fuelfusion.pl\/es\/wp-json\/wp\/v2\/pages\/3148","targetHints":{"allow":["GET"]}}],"collection":[{"href":"https:\/\/fuelfusion.pl\/es\/wp-json\/wp\/v2\/pages"}],"about":[{"href":"https:\/\/fuelfusion.pl\/es\/wp-json\/wp\/v2\/types\/page"}],"author":[{"embeddable":true,"href":"https:\/\/fuelfusion.pl\/es\/wp-json\/wp\/v2\/users\/2"}],"replies":[{"embeddable":true,"href":"https:\/\/fuelfusion.pl\/es\/wp-json\/wp\/v2\/comments?post=3148"}],"version-history":[{"count":16,"href":"https:\/\/fuelfusion.pl\/es\/wp-json\/wp\/v2\/pages\/3148\/revisions"}],"predecessor-version":[{"id":6488,"href":"https:\/\/fuelfusion.pl\/es\/wp-json\/wp\/v2\/pages\/3148\/revisions\/6488"}],"wp:attachment":[{"href":"https:\/\/fuelfusion.pl\/es\/wp-json\/wp\/v2\/media?parent=3148"}],"curies":[{"name":"wp","href":"https:\/\/api.w.org\/{rel}","templated":true}]}}