{"id":2736,"date":"2023-08-02T07:25:43","date_gmt":"2023-08-02T05:25:43","guid":{"rendered":"https:\/\/fuelfusion.pl\/?page_id=2736"},"modified":"2024-03-12T11:39:46","modified_gmt":"2024-03-12T09:39:46","slug":"cookies-policy","status":"publish","type":"page","link":"https:\/\/fuelfusion.pl\/en\/cookies-policy\/","title":{"rendered":"Cookies policy"},"content":{"rendered":"<div class=\"fusion-fullwidth fullwidth-box fusion-builder-row-1 fusion-flex-container has-pattern-background has-mask-background nonhundred-percent-fullwidth non-hundred-percent-height-scrolling\" style=\"--awb-border-radius-top-left:0px;--awb-border-radius-top-right:0px;--awb-border-radius-bottom-right:0px;--awb-border-radius-bottom-left:0px;--awb-flex-wrap:wrap;\" ><div class=\"fusion-builder-row fusion-row fusion-flex-align-items-flex-start fusion-flex-content-wrap\" style=\"max-width:1248px;margin-left: calc(-4% \/ 2 );margin-right: calc(-4% \/ 2 );\"><div class=\"fusion-layout-column fusion_builder_column fusion-builder-column-0 fusion_builder_column_1_1 1_1 fusion-flex-column\" style=\"--awb-bg-size:cover;--awb-width-large:100%;--awb-margin-top-large:0px;--awb-spacing-right-large:1.92%;--awb-margin-bottom-large:20px;--awb-spacing-left-large:1.92%;--awb-width-medium:100%;--awb-order-medium:0;--awb-spacing-right-medium:1.92%;--awb-spacing-left-medium:1.92%;--awb-width-small:100%;--awb-order-small:0;--awb-spacing-right-small:1.92%;--awb-spacing-left-small:1.92%;\"><div class=\"fusion-column-wrapper fusion-column-has-shadow fusion-flex-justify-content-flex-start fusion-content-layout-column\"><nav class=\"fusion-breadcrumbs awb-yoast-breadcrumbs fusion-breadcrumbs-1\" style=\"--awb-breadcrumb-sep:&#039;\/&#039;;\" aria-label=\"Breadcrumb\"><span><span><a href=\"https:\/\/fuelfusion.pl\/en\/\">Strona g\u0142\u00f3wna<\/a><\/span><\/span><\/nav><div class=\"fusion-text fusion-text-1\"><p>We use cookie files as a part of our websites. We use cookies in order to understand how the users use a website and adjust the website in such a way that using it is more pleasant and interesting. We also use cookies for advertising and statistical purposes. Cookies may also be used by advertisers cooperating with us and by research companies.<\/p>\n<p>You can change your cookie-related settings at any time. Using our websites without changing cookie-related settings means that these files will be placed in your device.<\/p>\n<ol>\n<li style=\"list-style-type: none;\">\n<ol>\n<li>The <a href=\"https:\/\/fuelfusion.pl\/en\/\">https:\/\/fuelfusion.pl\/<\/a> service does not automatically collect any sort of information, except information stored in cookies.<\/li>\n<li>Cookies are packets of data, text files mostly, which are stored on the device of the User and are used during browsing of the Service\u2019s websites. Cookies commonly contain the name of the website they originated from, the length of the time they\u2019re stored on a device, and a unique number.<\/li>\n<li>Placing the cookies on the browsing device of the User and accessing them is the responsibility of the Website\u2019s operator, Dual Fuel Systems sp. z o.o. hose principal place of business is at Pokrzywno 5, Dz. 30, 61-315 Pozna\u0144.<\/li>\n<li>Cookies are used for:\n<ul>\n<li>to optimize the use of websites and adjust their content to the user\u2019s preferences; in particular, cookies make it possible to identify the user\u2019s device and properly display a given website, adjusting it to their individual needs;<\/li>\n<li>create statistics, which make it possible to establish how a given website\u2019s users use the Internet, thus enabling the webmaster to improve its structure and content;<\/li>\n<li>prevent the user\u2019s session from timeout (on prior login), thanks to which the user does not hale to type in their login and password on entering each subwebsite;<\/li>\n<\/ul>\n<\/li>\n<li>The Website uses two fundamental types of cookies: session cookies and persistent cookies. Session cookies are temporary files stored on the User\u2019s browsing device until the User logs off, leaves the website, or closes the browsing application. Persistent cookies are stored on the User\u2019s device for a specific time which is defined by the file\u2019s parameters or until the file itself is deleted by the User.\n<ul>On our websites, we May use the following types of cookies:<\/p>\n<li>\u201cesential\u201d cookies, which make it possible to use services available within the website, e.g. authentication cookies, used with services requiring authentication within a given website;<\/li>\n<li>safety cookies, ensuring safety, e.g. by detecting authentication abuse within the website;<\/li>\n<li>cookies allowing collection of information on ways in which our websites are used;<\/li>\n<li>\u201cfunctional\u201d cookies, making it possible to \u201csave\u201d the settings selected by the user and the personalization of the user\u2019s interface, e.g. with regard to the selected language or region, font size, website appearance, etc.;<\/li>\n<li>\u201cadvertisement\u201d cookies, enabling the provision of customized commercial content to the user, selected according to their interests.<\/li>\n<\/ul>\n<\/li>\n<li>In many cases, Internet browsing software allows cookies to be stored on the User\u2019s browsing device by default. Users can choose, at any given time, to modify the cookie settings. These changes might include prohibiting the browser from handling cookies automatically or forcing it to inform the User each time a cookie is placed on the browsing device. Detailed information about the options and methods of handling cookies are available in the settings of the browser software.<\/li>\n<li>The Website\u2019s operator informs that restricting or disabling cookies can affect certain functionalities available on the Website\u2019s pages.<br \/>Pliki cookies zamieszczane w urz\u0105dzeniu ko\u0144cowym U\u017cytkownika Serwisu i wykorzystywane mog\u0105 by\u0107 r\u00f3wnie\u017c przez wsp\u00f3\u0142pracuj\u0105cych z operatorem Serwisu reklamodawc\u00f3w oraz partner\u00f3w.<\/li>\n<li>You can find more information about cookies at wikihow.com or in the \u201cHelp\u201d menu of your browser.<\/li>\n<\/ol>\n<\/li>\n<\/ol>\n<\/div><\/div><\/div><\/div><\/div>\n","protected":false},"excerpt":{"rendered":"","protected":false},"author":2,"featured_media":0,"parent":0,"menu_order":0,"comment_status":"closed","ping_status":"closed","template":"100-width.php","meta":{"footnotes":""},"class_list":["post-2736","page","type-page","status-publish","hentry"],"yoast_head":"<!-- This site is optimized with the Yoast SEO plugin v27.4 - https:\/\/yoast.com\/product\/yoast-seo-wordpress\/ -->\n<title>Cookies policy - Fuel Fusion<\/title>\n<meta name=\"description\" content=\"Learn more about Dual Fuel Systems cookie policy. Our company uses cookies to improve the quality of service. Check the details.\" \/>\n<meta name=\"robots\" content=\"index, follow, max-snippet:-1, max-image-preview:large, max-video-preview:-1\" \/>\n<link rel=\"canonical\" href=\"https:\/\/fuelfusion.pl\/en\/cookies-policy\/\" \/>\n<meta property=\"og:locale\" content=\"en_US\" \/>\n<meta property=\"og:type\" content=\"article\" \/>\n<meta property=\"og:title\" content=\"Cookies policy - Fuel Fusion\" \/>\n<meta property=\"og:description\" content=\"Learn more about Dual Fuel Systems cookie policy. Our company uses cookies to improve the quality of service. Check the details.\" \/>\n<meta property=\"og:url\" content=\"https:\/\/fuelfusion.pl\/en\/cookies-policy\/\" \/>\n<meta property=\"og:site_name\" content=\"Fuel Fusion\" \/>\n<meta property=\"article:publisher\" content=\"https:\/\/www.facebook.com\/DualFuelSystems\" \/>\n<meta property=\"article:modified_time\" content=\"2024-03-12T09:39:46+00:00\" \/>\n<meta name=\"twitter:card\" content=\"summary_large_image\" \/>\n<meta name=\"twitter:site\" content=\"@fuel_fusion\" \/>\n<meta name=\"twitter:label1\" content=\"Est. reading time\" \/>\n\t<meta name=\"twitter:data1\" content=\"4 minutes\" \/>\n<script type=\"application\/ld+json\" class=\"yoast-schema-graph\">{\"@context\":\"https:\\\/\\\/schema.org\",\"@graph\":[{\"@type\":\"WebPage\",\"@id\":\"https:\\\/\\\/fuelfusion.pl\\\/en\\\/cookies-policy\\\/\",\"url\":\"https:\\\/\\\/fuelfusion.pl\\\/en\\\/cookies-policy\\\/\",\"name\":\"Cookies policy - Fuel Fusion\",\"isPartOf\":{\"@id\":\"https:\\\/\\\/fuelfusion.pl\\\/#website\"},\"datePublished\":\"2023-08-02T05:25:43+00:00\",\"dateModified\":\"2024-03-12T09:39:46+00:00\",\"description\":\"Learn more about Dual Fuel Systems cookie policy. Our company uses cookies to improve the quality of service. Check the details.\",\"breadcrumb\":{\"@id\":\"https:\\\/\\\/fuelfusion.pl\\\/en\\\/cookies-policy\\\/#breadcrumb\"},\"inLanguage\":\"en-US\",\"potentialAction\":[{\"@type\":\"ReadAction\",\"target\":[\"https:\\\/\\\/fuelfusion.pl\\\/en\\\/cookies-policy\\\/\"]}]},{\"@type\":\"BreadcrumbList\",\"@id\":\"https:\\\/\\\/fuelfusion.pl\\\/en\\\/cookies-policy\\\/#breadcrumb\",\"itemListElement\":[{\"@type\":\"ListItem\",\"position\":1,\"name\":\"Strona g\u0142\u00f3wna\",\"item\":\"https:\\\/\\\/fuelfusion.pl\\\/en\\\/\"},{\"@type\":\"ListItem\",\"position\":2,\"name\":\"Cookies policy\"}]},{\"@type\":\"WebSite\",\"@id\":\"https:\\\/\\\/fuelfusion.pl\\\/#website\",\"url\":\"https:\\\/\\\/fuelfusion.pl\\\/\",\"name\":\"Fuel Fusion\",\"description\":\"Producent zaawansowanych system&oacute;w gazowych LPG CNG do silnik&oacute;w diesel (diesel na LPG, gaz do diesla, TIR na gaz, TIR na LPG)\",\"publisher\":{\"@id\":\"https:\\\/\\\/fuelfusion.pl\\\/#organization\"},\"potentialAction\":[{\"@type\":\"SearchAction\",\"target\":{\"@type\":\"EntryPoint\",\"urlTemplate\":\"https:\\\/\\\/fuelfusion.pl\\\/?s={search_term_string}\"},\"query-input\":{\"@type\":\"PropertyValueSpecification\",\"valueRequired\":true,\"valueName\":\"search_term_string\"}}],\"inLanguage\":\"en-US\"},{\"@type\":\"Organization\",\"@id\":\"https:\\\/\\\/fuelfusion.pl\\\/#organization\",\"name\":\"Dual Fuel Systems\",\"url\":\"https:\\\/\\\/fuelfusion.pl\\\/\",\"logo\":{\"@type\":\"ImageObject\",\"inLanguage\":\"en-US\",\"@id\":\"https:\\\/\\\/fuelfusion.pl\\\/#\\\/schema\\\/logo\\\/image\\\/\",\"url\":\"https:\\\/\\\/fuelfusion.pl\\\/wp-content\\\/uploads\\\/2023\\\/06\\\/LOGO-DFS-FB.webp\",\"contentUrl\":\"https:\\\/\\\/fuelfusion.pl\\\/wp-content\\\/uploads\\\/2023\\\/06\\\/LOGO-DFS-FB.webp\",\"width\":1267,\"height\":436,\"caption\":\"Dual Fuel Systems\"},\"image\":{\"@id\":\"https:\\\/\\\/fuelfusion.pl\\\/#\\\/schema\\\/logo\\\/image\\\/\"},\"sameAs\":[\"https:\\\/\\\/www.facebook.com\\\/DualFuelSystems\",\"https:\\\/\\\/x.com\\\/fuel_fusion\",\"https:\\\/\\\/www.linkedin.com\\\/company\\\/dual-fuel-systems-sp-z-o-o\\\/\"]}]}<\/script>\n<!-- \/ Yoast SEO plugin. -->","yoast_head_json":{"title":"Cookies policy - Fuel Fusion","description":"Learn more about Dual Fuel Systems cookie policy. Our company uses cookies to improve the quality of service. Check the details.","robots":{"index":"index","follow":"follow","max-snippet":"max-snippet:-1","max-image-preview":"max-image-preview:large","max-video-preview":"max-video-preview:-1"},"canonical":"https:\/\/fuelfusion.pl\/en\/cookies-policy\/","og_locale":"en_US","og_type":"article","og_title":"Cookies policy - Fuel Fusion","og_description":"Learn more about Dual Fuel Systems cookie policy. Our company uses cookies to improve the quality of service. Check the details.","og_url":"https:\/\/fuelfusion.pl\/en\/cookies-policy\/","og_site_name":"Fuel Fusion","article_publisher":"https:\/\/www.facebook.com\/DualFuelSystems","article_modified_time":"2024-03-12T09:39:46+00:00","twitter_card":"summary_large_image","twitter_site":"@fuel_fusion","twitter_misc":{"Est. reading time":"4 minutes"},"schema":{"@context":"https:\/\/schema.org","@graph":[{"@type":"WebPage","@id":"https:\/\/fuelfusion.pl\/en\/cookies-policy\/","url":"https:\/\/fuelfusion.pl\/en\/cookies-policy\/","name":"Cookies policy - Fuel Fusion","isPartOf":{"@id":"https:\/\/fuelfusion.pl\/#website"},"datePublished":"2023-08-02T05:25:43+00:00","dateModified":"2024-03-12T09:39:46+00:00","description":"Learn more about Dual Fuel Systems cookie policy. Our company uses cookies to improve the quality of service. Check the details.","breadcrumb":{"@id":"https:\/\/fuelfusion.pl\/en\/cookies-policy\/#breadcrumb"},"inLanguage":"en-US","potentialAction":[{"@type":"ReadAction","target":["https:\/\/fuelfusion.pl\/en\/cookies-policy\/"]}]},{"@type":"BreadcrumbList","@id":"https:\/\/fuelfusion.pl\/en\/cookies-policy\/#breadcrumb","itemListElement":[{"@type":"ListItem","position":1,"name":"Strona g\u0142\u00f3wna","item":"https:\/\/fuelfusion.pl\/en\/"},{"@type":"ListItem","position":2,"name":"Cookies policy"}]},{"@type":"WebSite","@id":"https:\/\/fuelfusion.pl\/#website","url":"https:\/\/fuelfusion.pl\/","name":"Fuel Fusion","description":"Producent zaawansowanych system&oacute;w gazowych LPG CNG do silnik&oacute;w diesel (diesel na LPG, gaz do diesla, TIR na gaz, TIR na LPG)","publisher":{"@id":"https:\/\/fuelfusion.pl\/#organization"},"potentialAction":[{"@type":"SearchAction","target":{"@type":"EntryPoint","urlTemplate":"https:\/\/fuelfusion.pl\/?s={search_term_string}"},"query-input":{"@type":"PropertyValueSpecification","valueRequired":true,"valueName":"search_term_string"}}],"inLanguage":"en-US"},{"@type":"Organization","@id":"https:\/\/fuelfusion.pl\/#organization","name":"Dual Fuel Systems","url":"https:\/\/fuelfusion.pl\/","logo":{"@type":"ImageObject","inLanguage":"en-US","@id":"https:\/\/fuelfusion.pl\/#\/schema\/logo\/image\/","url":"https:\/\/fuelfusion.pl\/wp-content\/uploads\/2023\/06\/LOGO-DFS-FB.webp","contentUrl":"https:\/\/fuelfusion.pl\/wp-content\/uploads\/2023\/06\/LOGO-DFS-FB.webp","width":1267,"height":436,"caption":"Dual Fuel Systems"},"image":{"@id":"https:\/\/fuelfusion.pl\/#\/schema\/logo\/image\/"},"sameAs":["https:\/\/www.facebook.com\/DualFuelSystems","https:\/\/x.com\/fuel_fusion","https:\/\/www.linkedin.com\/company\/dual-fuel-systems-sp-z-o-o\/"]}]}},"_links":{"self":[{"href":"https:\/\/fuelfusion.pl\/en\/wp-json\/wp\/v2\/pages\/2736","targetHints":{"allow":["GET"]}}],"collection":[{"href":"https:\/\/fuelfusion.pl\/en\/wp-json\/wp\/v2\/pages"}],"about":[{"href":"https:\/\/fuelfusion.pl\/en\/wp-json\/wp\/v2\/types\/page"}],"author":[{"embeddable":true,"href":"https:\/\/fuelfusion.pl\/en\/wp-json\/wp\/v2\/users\/2"}],"replies":[{"embeddable":true,"href":"https:\/\/fuelfusion.pl\/en\/wp-json\/wp\/v2\/comments?post=2736"}],"version-history":[{"count":3,"href":"https:\/\/fuelfusion.pl\/en\/wp-json\/wp\/v2\/pages\/2736\/revisions"}],"predecessor-version":[{"id":5782,"href":"https:\/\/fuelfusion.pl\/en\/wp-json\/wp\/v2\/pages\/2736\/revisions\/5782"}],"wp:attachment":[{"href":"https:\/\/fuelfusion.pl\/en\/wp-json\/wp\/v2\/media?parent=2736"}],"curies":[{"name":"wp","href":"https:\/\/api.w.org\/{rel}","templated":true}]}}